{"id":1015,"date":"2024-06-20T06:08:52","date_gmt":"2024-06-20T06:08:52","guid":{"rendered":"https:\/\/cura-explore.com\/termos-e-condicoes-gerais\/"},"modified":"2026-03-30T13:26:18","modified_gmt":"2026-03-30T13:26:18","slug":"termos-e-condicoes-gerais","status":"publish","type":"page","link":"https:\/\/cura-explore.com\/pt-br\/termos-e-condicoes-gerais\/","title":{"rendered":"Termos e condi\u00e7\u00f5es gerais"},"content":{"rendered":"\t\t<div data-elementor-type=\"wp-page\" data-elementor-id=\"1015\" class=\"elementor elementor-1015 elementor-17\" data-elementor-post-type=\"page\">\n\t\t\t\t<div class=\"elementor-element elementor-element-2a8cfc88 e-flex e-con-boxed e-con e-parent\" data-id=\"2a8cfc88\" data-element_type=\"container\" data-e-type=\"container\">\n\t\t\t\t\t<div class=\"e-con-inner\">\n\t\t\t\t<div class=\"elementor-element elementor-element-7e34a22a elementor-widget elementor-widget-text-editor\" data-id=\"7e34a22a\" data-element_type=\"widget\" data-e-type=\"widget\" data-widget_type=\"text-editor.default\">\n\t\t\t\t\t\t\t\t\t<p><strong>Termos e condi\u00e7\u00f5es gerais<\/strong><\/p><p>-O carro entregue pode ser diferente do carro reservado em termos de cor e modelo, mas nunca ser\u00e1 um downgrade.<\/p><p>-SERVI\u00c7O RODOVI\u00c1RIO\/ASSIST\u00caNCIA RODOVI\u00c1RIA: LIGUE PARA 9247<\/p><p>-Excesso m\u00e1ximo: \u20ac 700,- ou US$ 750.<\/p><p>-Franquia m\u00e1xima a ser paga integralmente se forem constatados novos danos ao devolver o carro. US$ 750,00 a serem pagos independentemente da natureza do(s) novo(s) dano(s) (mesmo com um pequeno dano, o custo aumenta rapidamente devido \u00e0 perda de faturamento, m\u00e3o de obra e deprecia\u00e7\u00e3o). <\/p><p>-Tanque de combust\u00edvel = 100%. Devolva o carro com o tanque completamente cheio novamente<\/p><p>-(Super, bomba amarela). Se voc\u00ea n\u00e3o encher 100% do tanque, ser\u00e1 aplicada uma taxa de penalidade de US$ 25 mais uma taxa de US$ 20 por \u00bc de tanque.<\/p><p>-Quil\u00f4metros ilimitados<\/p><p>&gt; -Em caso de emerg\u00eancia, N\u00c3O MOVA O CARRO e ligue para o Servi\u00e7o Rodovi\u00e1rio de Cura\u00e7ao (Forensys) em +59994613282<\/p><p>-O n\u00e3o cumprimento desse procedimento resultar\u00e1 em uma taxa de US$ 300 a ser paga<\/p><p>&gt; -O tr\u00e1fego da DIREITA N\u00c3O tem prioridade O tr\u00e1fego da DIREITA N\u00c3O TEM PRIORIDADE<\/p><p>-Por favor, observe que as estradas s\u00e3o muito escorregadias quando molhadas. N\u00e3o saia da estrada com o carro alugado<\/p><p>-N\u00e3o deixe nenhum pertence no carro quando voc\u00ea estiver fora dele. N\u00e3o haver\u00e1 cobertura de seguro se voc\u00ea deixar objetos de valor vis\u00edveis no carro. <\/p><p>-Ao voltar da praia com roupas de banho molhadas, coloque as toalhas nos assentos antes de entrar no carro<\/p><p>-Quando manchas novas (de sal) forem vis\u00edveis, o cliente ser\u00e1 respons\u00e1vel pelo pagamento de US$ 50\/90 NAF.<\/p><p>-Durante a entrega do carro, os danos existentes ser\u00e3o mostrados e o carro ser\u00e1 verificado quanto a outros danos n\u00e3o percebidos. Se isso for observado, ser\u00e1 adicionado aos danos existentes. Isso tamb\u00e9m inclui o estado do interior. O cliente assinar\u00e1 o estado atual do carro.   <\/p><p>-A condi\u00e7\u00e3o atual do carro ser\u00e1 preenchida no formul\u00e1rio de isen\u00e7\u00e3o de danos on-line e, na retirada, ser\u00e1 usada como refer\u00eancia.<\/p><p>&gt;-Em caso de pneu furado, substitua o pneu voc\u00ea mesmo ou ligue para a &#8220;Wegenwacht&#8221;. Voc\u00ea tem a responsabilidade de consertar o pneu furado o mais r\u00e1pido poss\u00edvel.<\/p><p>-Entre em contato com a Central de Atendimento ao Cliente para obter informa\u00e7\u00f5es sobre como consertar o pneu. Os custos do conserto do pneu ser\u00e3o pagos pelo Locat\u00e1rio. Caso contr\u00e1rio, seremos obrigados a cobrar de voc\u00ea uma multa de US$ 125,00.<\/p><p>-O seguro do carro alugado n\u00e3o \u00e9 v\u00e1lido nas \u00e1reas de Punda, Otrabanda e Pietermaai, a menos que o carro esteja estacionado<\/p><p>-em uma garagem (gratuita) no Renaissance Hotel ou City Suites, ou atr\u00e1s de uma cerca privada fechada<\/p><p>-Observe que uma taxa de processamento de 5% ser\u00e1 aplicada aos pagamentos feitos com cart\u00e3o de cr\u00e9dito ou cart\u00e3o de d\u00e9bito Mastercard\/Visa devido a encargos banc\u00e1rios.<\/p><p data-start=\"142\" data-end=\"221\" data-is-last-node=\"\" data-is-only-node=\"\">Essa taxa n\u00e3o se aplica a pagamentos feitos em dinheiro ou com um cart\u00e3o de d\u00e9bito padr\u00e3o.<\/p><p>-Outras condi\u00e7\u00f5es gerais de aluguel:<br>O locat\u00e1rio leu e entendeu as seguintes condi\u00e7\u00f5es. O locat\u00e1rio deve saber como operar o carro alugado. O locat\u00e1rio deve ter uma carteira de motorista v\u00e1lida. Somente o locat\u00e1rio tem permiss\u00e3o para operar o carro. O carro dever\u00e1 ser manuseado e dirigido como se fosse o carro do locat\u00e1rio. O locat\u00e1rio \u00e9 o \u00fanico respons\u00e1vel por qualquer custo, dano ou ferimento sofrido pelos ocupantes do carro. O locat\u00e1rio \u00e9 o \u00fanico respons\u00e1vel por qualquer custo, dano ou roubo de propriedade deixada ou armazenada no carro. Se o carro for deixado destrancado, o locat\u00e1rio ser\u00e1 totalmente respons\u00e1vel por todos os danos. (Reboque) Os custos e danos incorridos devido \u00e0 perda das chaves, descarregamento da bateria (por exemplo, deixar as luzes acesas enquanto o carro est\u00e1 desligado), condu\u00e7\u00e3o fora da estrada, ser\u00e3o pagos pelo locat\u00e1rio se a Wegenwacht n\u00e3o puder ajudar voc\u00ea. N\u00e3o inclu\u00eddo no seguro de aluguel: Danos ou furos nos pneus e janelas. O seguro n\u00e3o \u00e9 v\u00e1lido caso o motorista esteja sob influ\u00eancia de drogas ou \u00e1lcool. O seguro n\u00e3o \u00e9 v\u00e1lido caso outra pessoa que n\u00e3o seja o cliente esteja dirigindo o ve\u00edculo. Em caso de excesso e\/ou danos pag\u00e1veis, o excesso\/danos devem ser pagos antes de voc\u00ea deixar a ilha de Cura\u00e7ao. Caso voc\u00ea devolva o carro com excesso de sujeira, areia ou manchas, ser\u00e1 cobrada uma taxa de limpeza de US$ 50. N\u00e3o \u00e9 permitido fumar no carro; em caso de fumo, ser\u00e1 cobrada uma taxa de limpeza de US$ 250,00 &#8211; O abastecimento de diesel resulta em danos de US$ 750,00 ao carro, a serem pagos pelo locat\u00e1rio.<\/p><p>Para fazer uma reserva, exigimos um pagamento inicial de 50% do valor do aluguel. O pagamento inicial de 50% deve ser feito em at\u00e9 48 horas ap\u00f3s a reserva para garantir a reserva. <\/p><div><span style=\"font-size: 1rem;\">Pol\u00edtica de cancelamento:<\/span><\/div><p>-Se voc\u00ea cancelar at\u00e9 5 dias antes do in\u00edcio do aluguel, cobraremos US$ 160,- de custos de cancelamento<br>-Se voc\u00ea cancelar entre 5 dias e 24 horas antes do in\u00edcio do per\u00edodo de aluguel, cobraremos US$ 300,-<br>-Se voc\u00ea cancelar dentro de 24 horas antes do in\u00edcio do per\u00edodo de aluguel ou se n\u00e3o retirar o carro, ser\u00e1 cobrado o valor total do aluguel.<\/p><p><span style=\"font-size: 1rem;\">Pol\u00edtica de reembolso:<\/span><\/p><p>-Reembolsos s\u00e3o aplic\u00e1veis quando o locat\u00e1rio cancela sua reserva, mas j\u00e1 pagou (parcialmente) a reserva.<\/p><p>-Ap\u00f3s o cancelamento, o reembolso ser\u00e1 efetuado em at\u00e9 5 dias \u00fateis (menos o custo do cancelamento).<\/p>\t\t\t\t\t\t\t\t<\/div>\n\t\t\t\t\t<\/div>\n\t\t\t\t<\/div>\n\t\t\t\t<\/div>\n\t\t","protected":false},"excerpt":{"rendered":"<p>Termos e condi\u00e7\u00f5es gerais -O carro entregue pode ser diferente do carro reservado em termos de cor e modelo, mas nunca ser\u00e1 um downgrade. -SERVI\u00c7O RODOVI\u00c1RIO\/ASSIST\u00caNCIA RODOVI\u00c1RIA: LIGUE PARA 9247 -Excesso m\u00e1ximo: \u20ac 700,- ou US$ 750. -Franquia m\u00e1xima a ser paga integralmente se forem constatados novos danos ao devolver o carro. US$ 750,00 a [&hellip;]<\/p>\n","protected":false},"author":1,"featured_media":0,"parent":0,"menu_order":0,"comment_status":"closed","ping_status":"closed","template":"","meta":{"footnotes":""},"class_list":["post-1015","page","type-page","status-publish","hentry"],"yoast_head":"<!-- This site is optimized with the Yoast SEO Premium plugin v27.5 (Yoast SEO v27.5) - https:\/\/yoast.com\/product\/yoast-seo-premium-wordpress\/ -->\n<title>Leia nosso %%title% Aluguel de Carros - Cura Explore Cura\u00e7ao aqui<\/title>\n<meta name=\"description\" content=\"Leia os termos e condi\u00e7\u00f5es para alugar um carro da Cura Explore em Cura\u00e7ao. Acordos claros para uma experi\u00eancia de aluguel sem preocupa\u00e7\u00f5es.\" \/>\n<meta name=\"robots\" content=\"index, follow, max-snippet:-1, max-image-preview:large, max-video-preview:-1\" \/>\n<link rel=\"canonical\" href=\"https:\/\/cura-explore.com\/pt-br\/termos-e-condicoes-gerais\/\" \/>\n<meta property=\"og:locale\" content=\"pt_BR\" \/>\n<meta property=\"og:type\" content=\"article\" \/>\n<meta property=\"og:title\" content=\"Termos e condi\u00e7\u00f5es gerais\" \/>\n<meta property=\"og:description\" content=\"Leia os termos e condi\u00e7\u00f5es para alugar um carro da Cura Explore em Cura\u00e7ao. Acordos claros para uma experi\u00eancia de aluguel sem preocupa\u00e7\u00f5es.\" \/>\n<meta property=\"og:url\" content=\"https:\/\/cura-explore.com\/pt-br\/termos-e-condicoes-gerais\/\" \/>\n<meta property=\"og:site_name\" content=\"Cura Explore\" \/>\n<meta property=\"article:publisher\" content=\"https:\/\/www.facebook.com\/profile.php?id=61557509752065\" \/>\n<meta property=\"article:modified_time\" content=\"2026-03-30T13:26:18+00:00\" \/>\n<meta property=\"og:image\" content=\"https:\/\/cura-explore.com\/wp-content\/uploads\/2024\/06\/logo-transparency-file-2-2-1.png\" \/>\n\t<meta property=\"og:image:width\" content=\"308\" \/>\n\t<meta property=\"og:image:height\" content=\"239\" \/>\n\t<meta property=\"og:image:type\" content=\"image\/png\" \/>\n<meta name=\"twitter:card\" content=\"summary_large_image\" \/>\n<meta name=\"twitter:label1\" content=\"Est. tempo de leitura\" \/>\n\t<meta name=\"twitter:data1\" content=\"5 minutos\" \/>\n<script type=\"application\/ld+json\" class=\"yoast-schema-graph\">{\"@context\":\"https:\\\/\\\/schema.org\",\"@graph\":[{\"@type\":\"WebPage\",\"@id\":\"https:\\\/\\\/cura-explore.com\\\/pt-br\\\/termos-e-condicoes-gerais\\\/\",\"url\":\"https:\\\/\\\/cura-explore.com\\\/pt-br\\\/termos-e-condicoes-gerais\\\/\",\"name\":\"Leia nosso %%title% Aluguel de Carros - Cura Explore Cura\u00e7ao aqui\",\"isPartOf\":{\"@id\":\"https:\\\/\\\/cura-explore.com\\\/pt-br\\\/#website\"},\"datePublished\":\"2024-06-20T06:08:52+00:00\",\"dateModified\":\"2026-03-30T13:26:18+00:00\",\"description\":\"Leia os termos e condi\u00e7\u00f5es para alugar um carro da Cura Explore em Cura\u00e7ao. Acordos claros para uma experi\u00eancia de aluguel sem preocupa\u00e7\u00f5es.\",\"breadcrumb\":{\"@id\":\"https:\\\/\\\/cura-explore.com\\\/pt-br\\\/termos-e-condicoes-gerais\\\/#breadcrumb\"},\"inLanguage\":\"pt-BR\",\"potentialAction\":[{\"@type\":\"ReadAction\",\"target\":[\"https:\\\/\\\/cura-explore.com\\\/pt-br\\\/termos-e-condicoes-gerais\\\/\"]}]},{\"@type\":\"BreadcrumbList\",\"@id\":\"https:\\\/\\\/cura-explore.com\\\/pt-br\\\/termos-e-condicoes-gerais\\\/#breadcrumb\",\"itemListElement\":[{\"@type\":\"ListItem\",\"position\":1,\"name\":\"Home\",\"item\":\"https:\\\/\\\/cura-explore.com\\\/pt-br\\\/\"},{\"@type\":\"ListItem\",\"position\":2,\"name\":\"Termos e condi\u00e7\u00f5es gerais\"}]},{\"@type\":\"WebSite\",\"@id\":\"https:\\\/\\\/cura-explore.com\\\/pt-br\\\/#website\",\"url\":\"https:\\\/\\\/cura-explore.com\\\/pt-br\\\/\",\"name\":\"Cura Explore\",\"description\":\"Cura\u00e7ao Car Rental\",\"publisher\":{\"@id\":\"https:\\\/\\\/cura-explore.com\\\/pt-br\\\/#organization\"},\"potentialAction\":[{\"@type\":\"SearchAction\",\"target\":{\"@type\":\"EntryPoint\",\"urlTemplate\":\"https:\\\/\\\/cura-explore.com\\\/pt-br\\\/?s={search_term_string}\"},\"query-input\":{\"@type\":\"PropertyValueSpecification\",\"valueRequired\":true,\"valueName\":\"search_term_string\"}}],\"inLanguage\":\"pt-BR\"},{\"@type\":\"Organization\",\"@id\":\"https:\\\/\\\/cura-explore.com\\\/pt-br\\\/#organization\",\"name\":\"Cura Explore\",\"url\":\"https:\\\/\\\/cura-explore.com\\\/pt-br\\\/\",\"logo\":{\"@type\":\"ImageObject\",\"inLanguage\":\"pt-BR\",\"@id\":\"https:\\\/\\\/cura-explore.com\\\/pt-br\\\/#\\\/schema\\\/logo\\\/image\\\/\",\"url\":\"https:\\\/\\\/cura-explore.com\\\/wp-content\\\/uploads\\\/2024\\\/06\\\/logo-transparency-file-2-2.png\",\"contentUrl\":\"https:\\\/\\\/cura-explore.com\\\/wp-content\\\/uploads\\\/2024\\\/06\\\/logo-transparency-file-2-2.png\",\"width\":1506,\"height\":512,\"caption\":\"Cura Explore\"},\"image\":{\"@id\":\"https:\\\/\\\/cura-explore.com\\\/pt-br\\\/#\\\/schema\\\/logo\\\/image\\\/\"},\"sameAs\":[\"https:\\\/\\\/www.facebook.com\\\/profile.php?id=61557509752065\",\"https:\\\/\\\/www.instagram.com\\\/cura.explore\",\"https:\\\/\\\/www.youtube.com\\\/@CuraExploreCarRentals\"],\"description\":\"Cura Explore Car Rentals B.V. is een jong dynamisch bedrijf, gericht op persoonlijk contact, hoogwaardige service, nieuwe autos en ultieme efficientie. Wanneer u op vakantie bent dan gaat het om gemak. U wilt niet uren op zoek zijn naar die ene betaalbare maar goede huurauto om vervolgens allerlei moeilijke formulieren te moeten invullen of kleine lettertjes te moeten lezen. U heeft geen zin om op het vliegveld een uur te wachten voordat u eindelijk uw huurauto krijgt. U wilt ook zeker niet voor verrassingen komen te staan en plotseling meer moeten betalen dan is afgesproken. U wilt geen buitenlandse nummers hoeven bellen om terecht te komen in allelei keuzemenu\u2019s. U wilt weten waar u aan toe bent! Gewoon een perfecte auto voor een perfecte prijs met duidelijke afspraken en fijne persoonlijk service. En dat is precies waar Cura Explore voor staat! Cura Explore: Uitsluitend nieuwe autos van hoge kwaliteit; het laatste wat u op vakantie wilt is een auto met mankementen. Persoonlijke service voorop; onze Whatsapp is de hele dag voor u beschikbaar. Wij kunnen via Whatsapp voor u een boeking maken, vragen beantwoorden, ondersteuning bieden bij problemen en meer. Brengt de auto waar u deze nodig heeft; wij zitten 1km van het vliegveld. Wanneer u uw auto op het vliegveld wilt ontvangen halen wij je op, rijden naar onze locatie, doen het papierwerk en kunt u uw weg vervolgen. Wilt u liever de auto bij uw hotel\\\/verblijf ontvangen? Geen probleem, wij komen naar u toe. Altijd inclusief 24\\\/7 pechhulp; Mocht u pech ondervinden komt er iemand naar u toe om te helpen. Kan de auto niet verder? Dan wordt u thuisgebracht en zorgen wij voor een vervangende auto. Altijd inclusief verzekering; Bij iedere reservering zit een verplichte basisverzekering met de optie van het afkopen van het eigen risico. Veilig betalen met uw bankpas of credit card: Wij hebben bij iedere levering een mobiele betaalautomaat bij ons. Cash is niet nodig. Niet voor niets scoort Cura Explore 5 uit 5 op de b\",\"email\":\"info@cura-explore.com\",\"telephone\":\"+59995204140\",\"legalName\":\"FD Rooseveltweg 348, Willemstad, Curacao\",\"foundingDate\":\"2024-06-01\"}]}<\/script>\n<!-- \/ Yoast SEO Premium plugin. -->","yoast_head_json":{"title":"Leia nosso %%title% Aluguel de Carros - Cura Explore Cura\u00e7ao aqui","description":"Leia os termos e condi\u00e7\u00f5es para alugar um carro da Cura Explore em Cura\u00e7ao. Acordos claros para uma experi\u00eancia de aluguel sem preocupa\u00e7\u00f5es.","robots":{"index":"index","follow":"follow","max-snippet":"max-snippet:-1","max-image-preview":"max-image-preview:large","max-video-preview":"max-video-preview:-1"},"canonical":"https:\/\/cura-explore.com\/pt-br\/termos-e-condicoes-gerais\/","og_locale":"pt_BR","og_type":"article","og_title":"Termos e condi\u00e7\u00f5es gerais","og_description":"Leia os termos e condi\u00e7\u00f5es para alugar um carro da Cura Explore em Cura\u00e7ao. Acordos claros para uma experi\u00eancia de aluguel sem preocupa\u00e7\u00f5es.","og_url":"https:\/\/cura-explore.com\/pt-br\/termos-e-condicoes-gerais\/","og_site_name":"Cura Explore","article_publisher":"https:\/\/www.facebook.com\/profile.php?id=61557509752065","article_modified_time":"2026-03-30T13:26:18+00:00","og_image":[{"width":308,"height":239,"url":"https:\/\/cura-explore.com\/wp-content\/uploads\/2024\/06\/logo-transparency-file-2-2-1.png","type":"image\/png"}],"twitter_card":"summary_large_image","twitter_misc":{"Est. tempo de leitura":"5 minutos"},"schema":{"@context":"https:\/\/schema.org","@graph":[{"@type":"WebPage","@id":"https:\/\/cura-explore.com\/pt-br\/termos-e-condicoes-gerais\/","url":"https:\/\/cura-explore.com\/pt-br\/termos-e-condicoes-gerais\/","name":"Leia nosso %%title% Aluguel de Carros - Cura Explore Cura\u00e7ao aqui","isPartOf":{"@id":"https:\/\/cura-explore.com\/pt-br\/#website"},"datePublished":"2024-06-20T06:08:52+00:00","dateModified":"2026-03-30T13:26:18+00:00","description":"Leia os termos e condi\u00e7\u00f5es para alugar um carro da Cura Explore em Cura\u00e7ao. Acordos claros para uma experi\u00eancia de aluguel sem preocupa\u00e7\u00f5es.","breadcrumb":{"@id":"https:\/\/cura-explore.com\/pt-br\/termos-e-condicoes-gerais\/#breadcrumb"},"inLanguage":"pt-BR","potentialAction":[{"@type":"ReadAction","target":["https:\/\/cura-explore.com\/pt-br\/termos-e-condicoes-gerais\/"]}]},{"@type":"BreadcrumbList","@id":"https:\/\/cura-explore.com\/pt-br\/termos-e-condicoes-gerais\/#breadcrumb","itemListElement":[{"@type":"ListItem","position":1,"name":"Home","item":"https:\/\/cura-explore.com\/pt-br\/"},{"@type":"ListItem","position":2,"name":"Termos e condi\u00e7\u00f5es gerais"}]},{"@type":"WebSite","@id":"https:\/\/cura-explore.com\/pt-br\/#website","url":"https:\/\/cura-explore.com\/pt-br\/","name":"Cura Explore","description":"Cura\u00e7ao Car Rental","publisher":{"@id":"https:\/\/cura-explore.com\/pt-br\/#organization"},"potentialAction":[{"@type":"SearchAction","target":{"@type":"EntryPoint","urlTemplate":"https:\/\/cura-explore.com\/pt-br\/?s={search_term_string}"},"query-input":{"@type":"PropertyValueSpecification","valueRequired":true,"valueName":"search_term_string"}}],"inLanguage":"pt-BR"},{"@type":"Organization","@id":"https:\/\/cura-explore.com\/pt-br\/#organization","name":"Cura Explore","url":"https:\/\/cura-explore.com\/pt-br\/","logo":{"@type":"ImageObject","inLanguage":"pt-BR","@id":"https:\/\/cura-explore.com\/pt-br\/#\/schema\/logo\/image\/","url":"https:\/\/cura-explore.com\/wp-content\/uploads\/2024\/06\/logo-transparency-file-2-2.png","contentUrl":"https:\/\/cura-explore.com\/wp-content\/uploads\/2024\/06\/logo-transparency-file-2-2.png","width":1506,"height":512,"caption":"Cura Explore"},"image":{"@id":"https:\/\/cura-explore.com\/pt-br\/#\/schema\/logo\/image\/"},"sameAs":["https:\/\/www.facebook.com\/profile.php?id=61557509752065","https:\/\/www.instagram.com\/cura.explore","https:\/\/www.youtube.com\/@CuraExploreCarRentals"],"description":"Cura Explore Car Rentals B.V. is een jong dynamisch bedrijf, gericht op persoonlijk contact, hoogwaardige service, nieuwe autos en ultieme efficientie. Wanneer u op vakantie bent dan gaat het om gemak. U wilt niet uren op zoek zijn naar die ene betaalbare maar goede huurauto om vervolgens allerlei moeilijke formulieren te moeten invullen of kleine lettertjes te moeten lezen. U heeft geen zin om op het vliegveld een uur te wachten voordat u eindelijk uw huurauto krijgt. U wilt ook zeker niet voor verrassingen komen te staan en plotseling meer moeten betalen dan is afgesproken. U wilt geen buitenlandse nummers hoeven bellen om terecht te komen in allelei keuzemenu\u2019s. U wilt weten waar u aan toe bent! Gewoon een perfecte auto voor een perfecte prijs met duidelijke afspraken en fijne persoonlijk service. En dat is precies waar Cura Explore voor staat! Cura Explore: Uitsluitend nieuwe autos van hoge kwaliteit; het laatste wat u op vakantie wilt is een auto met mankementen. Persoonlijke service voorop; onze Whatsapp is de hele dag voor u beschikbaar. Wij kunnen via Whatsapp voor u een boeking maken, vragen beantwoorden, ondersteuning bieden bij problemen en meer. Brengt de auto waar u deze nodig heeft; wij zitten 1km van het vliegveld. Wanneer u uw auto op het vliegveld wilt ontvangen halen wij je op, rijden naar onze locatie, doen het papierwerk en kunt u uw weg vervolgen. Wilt u liever de auto bij uw hotel\/verblijf ontvangen? Geen probleem, wij komen naar u toe. Altijd inclusief 24\/7 pechhulp; Mocht u pech ondervinden komt er iemand naar u toe om te helpen. Kan de auto niet verder? Dan wordt u thuisgebracht en zorgen wij voor een vervangende auto. Altijd inclusief verzekering; Bij iedere reservering zit een verplichte basisverzekering met de optie van het afkopen van het eigen risico. Veilig betalen met uw bankpas of credit card: Wij hebben bij iedere levering een mobiele betaalautomaat bij ons. Cash is niet nodig. Niet voor niets scoort Cura Explore 5 uit 5 op de b","email":"info@cura-explore.com","telephone":"+59995204140","legalName":"FD Rooseveltweg 348, Willemstad, Curacao","foundingDate":"2024-06-01"}]}},"_links":{"self":[{"href":"https:\/\/cura-explore.com\/pt-br\/wp-json\/wp\/v2\/pages\/1015","targetHints":{"allow":["GET"]}}],"collection":[{"href":"https:\/\/cura-explore.com\/pt-br\/wp-json\/wp\/v2\/pages"}],"about":[{"href":"https:\/\/cura-explore.com\/pt-br\/wp-json\/wp\/v2\/types\/page"}],"author":[{"embeddable":true,"href":"https:\/\/cura-explore.com\/pt-br\/wp-json\/wp\/v2\/users\/1"}],"replies":[{"embeddable":true,"href":"https:\/\/cura-explore.com\/pt-br\/wp-json\/wp\/v2\/comments?post=1015"}],"version-history":[{"count":9,"href":"https:\/\/cura-explore.com\/pt-br\/wp-json\/wp\/v2\/pages\/1015\/revisions"}],"predecessor-version":[{"id":5983,"href":"https:\/\/cura-explore.com\/pt-br\/wp-json\/wp\/v2\/pages\/1015\/revisions\/5983"}],"wp:attachment":[{"href":"https:\/\/cura-explore.com\/pt-br\/wp-json\/wp\/v2\/media?parent=1015"}],"curies":[{"name":"wp","href":"https:\/\/api.w.org\/{rel}","templated":true}]}}