{"id":1014,"date":"2024-06-20T06:08:52","date_gmt":"2024-06-20T06:08:52","guid":{"rendered":"https:\/\/cura-explore.com\/condiciones-generales\/"},"modified":"2026-03-30T13:27:03","modified_gmt":"2026-03-30T13:27:03","slug":"condiciones-generales","status":"publish","type":"page","link":"https:\/\/cura-explore.com\/es\/condiciones-generales\/","title":{"rendered":"Condiciones generales"},"content":{"rendered":"\t\t<div data-elementor-type=\"wp-page\" data-elementor-id=\"1014\" class=\"elementor elementor-1014 elementor-17\" data-elementor-post-type=\"page\">\n\t\t\t\t<div class=\"elementor-element elementor-element-2a8cfc88 e-flex e-con-boxed e-con e-parent\" data-id=\"2a8cfc88\" data-element_type=\"container\" data-e-type=\"container\">\n\t\t\t\t\t<div class=\"e-con-inner\">\n\t\t\t\t<div class=\"elementor-element elementor-element-7e34a22a elementor-widget elementor-widget-text-editor\" data-id=\"7e34a22a\" data-element_type=\"widget\" data-e-type=\"widget\" data-widget_type=\"text-editor.default\">\n\t\t\t\t\t\t\t\t\t<p><strong>Condiciones generales<\/strong><\/p><p>-El coche entregado puede diferir del reservado en cuanto a color y modelo, pero nunca supondr\u00e1 una rebaja.<\/p><p>-SERVICIO DE CARRETERA \/ ASISTENCIA EN CARRETERA : LLAME AL 9247<\/p><p>-Exceso m\u00e1ximo: 700,- \u20ac o 750,- US$.<\/p><p>-Se pagar\u00e1 la Franquicia M\u00e1xima en su totalidad si al devolver el coche se constata un nuevo da\u00f1o. 750,- US$ a pagar independientemente de la naturaleza de los nuevos da\u00f1os (Incluso con un da\u00f1o peque\u00f1o el coste se acumula r\u00e1pidamente debido a la p\u00e9rdida de facturaci\u00f3n, mano de obra y depreciaci\u00f3n). <\/p><p>-Dep\u00f3sito de combustible = 100%. Por favor, devuelve de nuevo el coche con el dep\u00f3sito completamente lleno<\/p><p>-(Super, Bomba Amarilla). Si no se llena al 100%, se aplicar\u00e1 una penalizaci\u00f3n de 25 d\u00f3lares m\u00e1s 20 d\u00f3lares por cada cuarto de dep\u00f3sito.<\/p><p>-Kil\u00f3metros ilimitados<\/p><p>&gt; -En caso de emergencia NO MUEVAS EL COCHE y llama al Servicio de Carreteras de Cura\u00e7ao (Forensys) al +59994613282<\/p><p>-No seguir este procedimiento dar\u00e1 lugar a una tasa pagadera de 300 US$.<\/p><p>&gt; -El tr\u00e1fico de la DERECHA NO TIENE PRIORIDAD EL TR\u00c1FICO DE LA DERECHA NO TIENE PRIORIDAD<\/p><p>-Tenga en cuenta que las carreteras son muy resbaladizas cuando est\u00e1n mojadas. No circule fuera de la carretera con el coche de alquiler<\/p><p>-No dejes ninguna pertenencia en el coche mientras est\u00e9s fuera de \u00e9l. No hay cobertura del seguro si dejas objetos de valor a la vista en el coche. <\/p><p>-Cuando regrese de la playa con el ba\u00f1ador o la ropa mojados, coloque las toallas en los asientos antes de subir al coche.<\/p><p>-Cuando se vean manchas nuevas (de sal), el cliente es responsable de pagar 50\/90 NAF.<\/p><p>-Durante la entrega del coche se mostrar\u00e1n los da\u00f1os existentes y se comprobar\u00e1 si hay m\u00e1s da\u00f1os inadvertidos. Si se advierten, se a\u00f1adir\u00e1n a los da\u00f1os existentes. Esto incluir\u00e1 tambi\u00e9n el estado del interior. El cliente firmar\u00e1 por el estado actual del coche.   <\/p><p>-El estado actual del coche se rellenar\u00e1 en la renuncia de da\u00f1os en l\u00ednea y al recogerlo se utilizar\u00e1 como referencia.<\/p><p>&gt;-En caso de pinchazo, sustit\u00fayelo t\u00fa mismo o llama al \u00abWegenwacht\u00bb. Es responsabilidad tuya arreglar el pinchazo lo antes posible.<\/p><p>-P\u00f3ngase en contacto con nuestro Centro de Atenci\u00f3n al Cliente para obtener informaci\u00f3n sobre d\u00f3nde reparar el neum\u00e1tico. Los gastos de reparaci\u00f3n del neum\u00e1tico correr\u00e1n a cargo del Arrendatario. En caso contrario, nos veremos obligados a cobrarle una multa de 125 d\u00f3lares.<\/p><p>-El seguro del coche de alquiler no es v\u00e1lido en las zonas de Punda, Otrabanda y Pietermaai, a menos que el coche est\u00e9 aparcado<\/p><p>-en un aparcamiento (gratuito) del Renaissance Hotel o del City Suites, o detr\u00e1s de una valla privada cerrada<\/p><p>-Ten en cuenta que se aplicar\u00e1 una tasa de tramitaci\u00f3n del 5% a los pagos realizados con tarjeta de cr\u00e9dito o tarjeta de d\u00e9bito Mastercard\/Visa debido a los gastos bancarios.<\/p><p data-start=\"142\" data-end=\"221\" data-is-last-node=\"\" data-is-only-node=\"\">Esta comisi\u00f3n no se aplica a los pagos realizados en efectivo o con una tarjeta de d\u00e9bito est\u00e1ndar.<\/p><p>-Otras Condiciones Generales de Alquiler:<br>El Arrendatario ha le\u00eddo y comprendido las siguientes condiciones. El arrendatario debe saber manejar el coche alquilado. El arrendatario debe tener un permiso de conducir v\u00e1lido. S\u00f3lo el arrendatario puede conducir el coche. El coche deber\u00e1 ser manejado y conducido como si fuera el propio coche del arrendatario. El arrendatario es el \u00fanico responsable de los gastos, da\u00f1os o lesiones sufridos por los ocupantes del veh\u00edculo. El arrendatario es el \u00fanico responsable de cualquier coste, da\u00f1o o robo de los bienes dejados o guardados en el coche. Si el coche se deja sin cerrar, el arrendatario es totalmente responsable de todos los da\u00f1os. (Remolque) Los gastos y da\u00f1os ocasionados por la p\u00e9rdida de llaves, descarga de la bater\u00eda (por ejemplo, dejar las luces encendidas mientras el coche est\u00e1 apagado), fuera de la carretera, ser\u00e1n pagados por el arrendatario si Wegenwacht no puede ayudarle. No incluido en el seguro de alquiler: Da\u00f1os o pinchazos en neum\u00e1ticos y lunas. El seguro no es v\u00e1lido en caso de que el conductor est\u00e9 bajo la influencia de Drogas o Alcohol. El seguro no es v\u00e1lido en caso de que otra persona que no sea el cliente conduzca el veh\u00edculo. En caso de franquicia y\/o da\u00f1os y perjuicios, \u00e9stos deber\u00e1n abonarse antes de abandonar la isla de Cura\u00e7ao. En caso de devolver el coche con excesiva suciedad, arena o manchas se cobrar\u00e1 una tasa de limpieza de 50 USD. No se permite fumar en el coche, en caso de fumar se cobrar\u00e1 una tasa de limpieza de 250$.- El dep\u00f3sito de gas\u00f3leo supone 750$ de da\u00f1os al coche a cargo del Arrendatario.<\/p><p>Para hacer una reserva necesitamos un anticipo del 50% del importe del alquiler. El anticipo del 50% debe efectuarse en las 48 horas siguientes a la realizaci\u00f3n de la reserva para asegurarla. <\/p><div><span style=\"font-size: 1rem;\">Pol\u00edtica de cancelaci\u00f3n:<\/span><\/div><p>-Si cancelas hasta 5 d\u00edas antes del inicio del alquiler cobramos 160,- US$ de gastos de cancelaci\u00f3n<br>-Si cancelas entre 5 d\u00edas y 24 horas antes del inicio del alquiler cobramos 300,- US$<br>-Si cancelas dentro de las 24 horas anteriores al inicio del alquiler o si no recoges el coche, se te cobrar\u00e1 el importe total del alquiler.<\/p><p><span style=\"font-size: 1rem;\">Pol\u00edtica de reembolso:<\/span><\/p><p>-Se aplicar\u00e1n reembolsos cuando el arrendatario cancele su reserva pero haya pagado por adelantado (parcialmente) la reserva.<\/p><p>-Despu\u00e9s de la cancelaci\u00f3n, el reembolso se ejecutar\u00e1 en un plazo de 5 d\u00edas laborables (menos el coste de cancelaci\u00f3n).<\/p>\t\t\t\t\t\t\t\t<\/div>\n\t\t\t\t\t<\/div>\n\t\t\t\t<\/div>\n\t\t\t\t<\/div>\n\t\t","protected":false},"excerpt":{"rendered":"<p>Condiciones generales -El coche entregado puede diferir del reservado en cuanto a color y modelo, pero nunca supondr\u00e1 una rebaja. -SERVICIO DE CARRETERA \/ ASISTENCIA EN CARRETERA : LLAME AL 9247 -Exceso m\u00e1ximo: 700,- \u20ac o 750,- US$. -Se pagar\u00e1 la Franquicia M\u00e1xima en su totalidad si al devolver el coche se constata un nuevo [&hellip;]<\/p>\n","protected":false},"author":1,"featured_media":0,"parent":0,"menu_order":0,"comment_status":"closed","ping_status":"closed","template":"","meta":{"footnotes":""},"class_list":["post-1014","page","type-page","status-publish","hentry"],"yoast_head":"<!-- This site is optimized with the Yoast SEO Premium plugin v27.2 (Yoast SEO v27.2) - https:\/\/yoast.com\/product\/yoast-seo-premium-wordpress\/ -->\n<title>Lee aqu\u00ed nuestro %%title% Alquiler de coches - Cura Explore Cura\u00e7ao<\/title>\n<meta name=\"description\" content=\"Lee las condiciones de alquiler de coches de Cura Explore en Cura\u00e7ao. Acuerdos claros para una experiencia de alquiler sin preocupaciones.\" \/>\n<meta name=\"robots\" content=\"index, follow, max-snippet:-1, max-image-preview:large, max-video-preview:-1\" \/>\n<link rel=\"canonical\" href=\"https:\/\/cura-explore.com\/es\/condiciones-generales\/\" \/>\n<meta property=\"og:locale\" content=\"es_ES\" \/>\n<meta property=\"og:type\" content=\"article\" \/>\n<meta property=\"og:title\" content=\"Condiciones generales\" \/>\n<meta property=\"og:description\" content=\"Lee las condiciones de alquiler de coches de Cura Explore en Cura\u00e7ao. Acuerdos claros para una experiencia de alquiler sin preocupaciones.\" \/>\n<meta property=\"og:url\" content=\"https:\/\/cura-explore.com\/es\/condiciones-generales\/\" \/>\n<meta property=\"og:site_name\" content=\"Cura Explore\" \/>\n<meta property=\"article:publisher\" content=\"https:\/\/www.facebook.com\/profile.php?id=61557509752065\" \/>\n<meta property=\"article:modified_time\" content=\"2026-03-30T13:27:03+00:00\" \/>\n<meta property=\"og:image\" content=\"https:\/\/cura-explore.com\/wp-content\/uploads\/2024\/06\/logo-transparency-file-2-2-1.png\" \/>\n\t<meta property=\"og:image:width\" content=\"308\" \/>\n\t<meta property=\"og:image:height\" content=\"239\" \/>\n\t<meta property=\"og:image:type\" content=\"image\/png\" \/>\n<meta name=\"twitter:card\" content=\"summary_large_image\" \/>\n<meta name=\"twitter:label1\" content=\"Tiempo de lectura\" \/>\n\t<meta name=\"twitter:data1\" content=\"4 minutos\" \/>\n<script type=\"application\/ld+json\" class=\"yoast-schema-graph\">{\"@context\":\"https:\/\/schema.org\",\"@graph\":[{\"@type\":\"WebPage\",\"@id\":\"https:\/\/cura-explore.com\/es\/condiciones-generales\/\",\"url\":\"https:\/\/cura-explore.com\/es\/condiciones-generales\/\",\"name\":\"Lee aqu\u00ed nuestro %%title% Alquiler de coches - Cura Explore Cura\u00e7ao\",\"isPartOf\":{\"@id\":\"https:\/\/cura-explore.com\/#website\"},\"datePublished\":\"2024-06-20T06:08:52+00:00\",\"dateModified\":\"2026-03-30T13:27:03+00:00\",\"description\":\"Lee las condiciones de alquiler de coches de Cura Explore en Cura\u00e7ao. Acuerdos claros para una experiencia de alquiler sin preocupaciones.\",\"breadcrumb\":{\"@id\":\"https:\/\/cura-explore.com\/es\/condiciones-generales\/#breadcrumb\"},\"inLanguage\":\"es\",\"potentialAction\":[{\"@type\":\"ReadAction\",\"target\":[\"https:\/\/cura-explore.com\/es\/condiciones-generales\/\"]}]},{\"@type\":\"BreadcrumbList\",\"@id\":\"https:\/\/cura-explore.com\/es\/condiciones-generales\/#breadcrumb\",\"itemListElement\":[{\"@type\":\"ListItem\",\"position\":1,\"name\":\"Home\",\"item\":\"https:\/\/cura-explore.com\/es\/\"},{\"@type\":\"ListItem\",\"position\":2,\"name\":\"Condiciones generales\"}]},{\"@type\":\"WebSite\",\"@id\":\"https:\/\/cura-explore.com\/#website\",\"url\":\"https:\/\/cura-explore.com\/\",\"name\":\"Cura Explore\",\"description\":\"Cura\u00e7ao Car Rental\",\"publisher\":{\"@id\":\"https:\/\/cura-explore.com\/#organization\"},\"potentialAction\":[{\"@type\":\"SearchAction\",\"target\":{\"@type\":\"EntryPoint\",\"urlTemplate\":\"https:\/\/cura-explore.com\/?s={search_term_string}\"},\"query-input\":{\"@type\":\"PropertyValueSpecification\",\"valueRequired\":true,\"valueName\":\"search_term_string\"}}],\"inLanguage\":\"es\"},{\"@type\":\"Organization\",\"@id\":\"https:\/\/cura-explore.com\/#organization\",\"name\":\"Cura Explore\",\"url\":\"https:\/\/cura-explore.com\/\",\"logo\":{\"@type\":\"ImageObject\",\"inLanguage\":\"es\",\"@id\":\"https:\/\/cura-explore.com\/#\/schema\/logo\/image\/\",\"url\":\"https:\/\/cura-explore.com\/wp-content\/uploads\/2024\/06\/logo-transparency-file-2-2.png\",\"contentUrl\":\"https:\/\/cura-explore.com\/wp-content\/uploads\/2024\/06\/logo-transparency-file-2-2.png\",\"width\":1506,\"height\":512,\"caption\":\"Cura Explore\"},\"image\":{\"@id\":\"https:\/\/cura-explore.com\/#\/schema\/logo\/image\/\"},\"sameAs\":[\"https:\/\/www.facebook.com\/profile.php?id=61557509752065\",\"https:\/\/www.instagram.com\/cura.explore\",\"https:\/\/www.youtube.com\/@CuraExploreCarRentals\"],\"description\":\"Cura Explore Car Rentals B.V. is een jong dynamisch bedrijf, gericht op persoonlijk contact, hoogwaardige service, nieuwe autos en ultieme efficientie. Wanneer u op vakantie bent dan gaat het om gemak. U wilt niet uren op zoek zijn naar die ene betaalbare maar goede huurauto om vervolgens allerlei moeilijke formulieren te moeten invullen of kleine lettertjes te moeten lezen. U heeft geen zin om op het vliegveld een uur te wachten voordat u eindelijk uw huurauto krijgt. U wilt ook zeker niet voor verrassingen komen te staan en plotseling meer moeten betalen dan is afgesproken. U wilt geen buitenlandse nummers hoeven bellen om terecht te komen in allelei keuzemenu\u2019s. U wilt weten waar u aan toe bent! Gewoon een perfecte auto voor een perfecte prijs met duidelijke afspraken en fijne persoonlijk service. En dat is precies waar Cura Explore voor staat! Cura Explore: Uitsluitend nieuwe autos van hoge kwaliteit; het laatste wat u op vakantie wilt is een auto met mankementen. Persoonlijke service voorop; onze Whatsapp is de hele dag voor u beschikbaar. Wij kunnen via Whatsapp voor u een boeking maken, vragen beantwoorden, ondersteuning bieden bij problemen en meer. Brengt de auto waar u deze nodig heeft; wij zitten 1km van het vliegveld. Wanneer u uw auto op het vliegveld wilt ontvangen halen wij je op, rijden naar onze locatie, doen het papierwerk en kunt u uw weg vervolgen. Wilt u liever de auto bij uw hotel\/verblijf ontvangen? Geen probleem, wij komen naar u toe. Altijd inclusief 24\/7 pechhulp; Mocht u pech ondervinden komt er iemand naar u toe om te helpen. Kan de auto niet verder? Dan wordt u thuisgebracht en zorgen wij voor een vervangende auto. Altijd inclusief verzekering; Bij iedere reservering zit een verplichte basisverzekering met de optie van het afkopen van het eigen risico. Veilig betalen met uw bankpas of credit card: Wij hebben bij iedere levering een mobiele betaalautomaat bij ons. Cash is niet nodig. Niet voor niets scoort Cura Explore 5 uit 5 op de b\",\"email\":\"info@cura-explore.com\",\"telephone\":\"+59995204140\",\"legalName\":\"FD Rooseveltweg 348, Willemstad, Curacao\",\"foundingDate\":\"2024-06-01\"}]}<\/script>\n<!-- \/ Yoast SEO Premium plugin. -->","yoast_head_json":{"title":"Lee aqu\u00ed nuestro %%title% Alquiler de coches - Cura Explore Cura\u00e7ao","description":"Lee las condiciones de alquiler de coches de Cura Explore en Cura\u00e7ao. Acuerdos claros para una experiencia de alquiler sin preocupaciones.","robots":{"index":"index","follow":"follow","max-snippet":"max-snippet:-1","max-image-preview":"max-image-preview:large","max-video-preview":"max-video-preview:-1"},"canonical":"https:\/\/cura-explore.com\/es\/condiciones-generales\/","og_locale":"es_ES","og_type":"article","og_title":"Condiciones generales","og_description":"Lee las condiciones de alquiler de coches de Cura Explore en Cura\u00e7ao. Acuerdos claros para una experiencia de alquiler sin preocupaciones.","og_url":"https:\/\/cura-explore.com\/es\/condiciones-generales\/","og_site_name":"Cura Explore","article_publisher":"https:\/\/www.facebook.com\/profile.php?id=61557509752065","article_modified_time":"2026-03-30T13:27:03+00:00","og_image":[{"width":308,"height":239,"url":"https:\/\/cura-explore.com\/wp-content\/uploads\/2024\/06\/logo-transparency-file-2-2-1.png","type":"image\/png"}],"twitter_card":"summary_large_image","twitter_misc":{"Tiempo de lectura":"4 minutos"},"schema":{"@context":"https:\/\/schema.org","@graph":[{"@type":"WebPage","@id":"https:\/\/cura-explore.com\/es\/condiciones-generales\/","url":"https:\/\/cura-explore.com\/es\/condiciones-generales\/","name":"Lee aqu\u00ed nuestro %%title% Alquiler de coches - Cura Explore Cura\u00e7ao","isPartOf":{"@id":"https:\/\/cura-explore.com\/#website"},"datePublished":"2024-06-20T06:08:52+00:00","dateModified":"2026-03-30T13:27:03+00:00","description":"Lee las condiciones de alquiler de coches de Cura Explore en Cura\u00e7ao. Acuerdos claros para una experiencia de alquiler sin preocupaciones.","breadcrumb":{"@id":"https:\/\/cura-explore.com\/es\/condiciones-generales\/#breadcrumb"},"inLanguage":"es","potentialAction":[{"@type":"ReadAction","target":["https:\/\/cura-explore.com\/es\/condiciones-generales\/"]}]},{"@type":"BreadcrumbList","@id":"https:\/\/cura-explore.com\/es\/condiciones-generales\/#breadcrumb","itemListElement":[{"@type":"ListItem","position":1,"name":"Home","item":"https:\/\/cura-explore.com\/es\/"},{"@type":"ListItem","position":2,"name":"Condiciones generales"}]},{"@type":"WebSite","@id":"https:\/\/cura-explore.com\/#website","url":"https:\/\/cura-explore.com\/","name":"Cura Explore","description":"Cura\u00e7ao Car Rental","publisher":{"@id":"https:\/\/cura-explore.com\/#organization"},"potentialAction":[{"@type":"SearchAction","target":{"@type":"EntryPoint","urlTemplate":"https:\/\/cura-explore.com\/?s={search_term_string}"},"query-input":{"@type":"PropertyValueSpecification","valueRequired":true,"valueName":"search_term_string"}}],"inLanguage":"es"},{"@type":"Organization","@id":"https:\/\/cura-explore.com\/#organization","name":"Cura Explore","url":"https:\/\/cura-explore.com\/","logo":{"@type":"ImageObject","inLanguage":"es","@id":"https:\/\/cura-explore.com\/#\/schema\/logo\/image\/","url":"https:\/\/cura-explore.com\/wp-content\/uploads\/2024\/06\/logo-transparency-file-2-2.png","contentUrl":"https:\/\/cura-explore.com\/wp-content\/uploads\/2024\/06\/logo-transparency-file-2-2.png","width":1506,"height":512,"caption":"Cura Explore"},"image":{"@id":"https:\/\/cura-explore.com\/#\/schema\/logo\/image\/"},"sameAs":["https:\/\/www.facebook.com\/profile.php?id=61557509752065","https:\/\/www.instagram.com\/cura.explore","https:\/\/www.youtube.com\/@CuraExploreCarRentals"],"description":"Cura Explore Car Rentals B.V. is een jong dynamisch bedrijf, gericht op persoonlijk contact, hoogwaardige service, nieuwe autos en ultieme efficientie. Wanneer u op vakantie bent dan gaat het om gemak. U wilt niet uren op zoek zijn naar die ene betaalbare maar goede huurauto om vervolgens allerlei moeilijke formulieren te moeten invullen of kleine lettertjes te moeten lezen. U heeft geen zin om op het vliegveld een uur te wachten voordat u eindelijk uw huurauto krijgt. U wilt ook zeker niet voor verrassingen komen te staan en plotseling meer moeten betalen dan is afgesproken. U wilt geen buitenlandse nummers hoeven bellen om terecht te komen in allelei keuzemenu\u2019s. U wilt weten waar u aan toe bent! Gewoon een perfecte auto voor een perfecte prijs met duidelijke afspraken en fijne persoonlijk service. En dat is precies waar Cura Explore voor staat! Cura Explore: Uitsluitend nieuwe autos van hoge kwaliteit; het laatste wat u op vakantie wilt is een auto met mankementen. Persoonlijke service voorop; onze Whatsapp is de hele dag voor u beschikbaar. Wij kunnen via Whatsapp voor u een boeking maken, vragen beantwoorden, ondersteuning bieden bij problemen en meer. Brengt de auto waar u deze nodig heeft; wij zitten 1km van het vliegveld. Wanneer u uw auto op het vliegveld wilt ontvangen halen wij je op, rijden naar onze locatie, doen het papierwerk en kunt u uw weg vervolgen. Wilt u liever de auto bij uw hotel\/verblijf ontvangen? Geen probleem, wij komen naar u toe. Altijd inclusief 24\/7 pechhulp; Mocht u pech ondervinden komt er iemand naar u toe om te helpen. Kan de auto niet verder? Dan wordt u thuisgebracht en zorgen wij voor een vervangende auto. Altijd inclusief verzekering; Bij iedere reservering zit een verplichte basisverzekering met de optie van het afkopen van het eigen risico. Veilig betalen met uw bankpas of credit card: Wij hebben bij iedere levering een mobiele betaalautomaat bij ons. Cash is niet nodig. Niet voor niets scoort Cura Explore 5 uit 5 op de b","email":"info@cura-explore.com","telephone":"+59995204140","legalName":"FD Rooseveltweg 348, Willemstad, Curacao","foundingDate":"2024-06-01"}]}},"_links":{"self":[{"href":"https:\/\/cura-explore.com\/es\/wp-json\/wp\/v2\/pages\/1014","targetHints":{"allow":["GET"]}}],"collection":[{"href":"https:\/\/cura-explore.com\/es\/wp-json\/wp\/v2\/pages"}],"about":[{"href":"https:\/\/cura-explore.com\/es\/wp-json\/wp\/v2\/types\/page"}],"author":[{"embeddable":true,"href":"https:\/\/cura-explore.com\/es\/wp-json\/wp\/v2\/users\/1"}],"replies":[{"embeddable":true,"href":"https:\/\/cura-explore.com\/es\/wp-json\/wp\/v2\/comments?post=1014"}],"version-history":[{"count":9,"href":"https:\/\/cura-explore.com\/es\/wp-json\/wp\/v2\/pages\/1014\/revisions"}],"predecessor-version":[{"id":5984,"href":"https:\/\/cura-explore.com\/es\/wp-json\/wp\/v2\/pages\/1014\/revisions\/5984"}],"wp:attachment":[{"href":"https:\/\/cura-explore.com\/es\/wp-json\/wp\/v2\/media?parent=1014"}],"curies":[{"name":"wp","href":"https:\/\/api.w.org\/{rel}","templated":true}]}}