{"id":3044,"date":"2025-03-20T15:32:15","date_gmt":"2025-03-20T15:32:15","guid":{"rendered":"https:\/\/cura-explore.com\/datenschutzbestimmungen\/"},"modified":"2025-09-15T16:54:07","modified_gmt":"2025-09-15T16:54:07","slug":"datenschutzbestimmungen","status":"publish","type":"page","link":"https:\/\/cura-explore.com\/de\/datenschutzbestimmungen\/","title":{"rendered":"Datenschutzbestimmungen"},"content":{"rendered":"\t\t<div data-elementor-type=\"wp-page\" data-elementor-id=\"3044\" class=\"elementor elementor-3044 elementor-1248\" data-elementor-post-type=\"page\">\n\t\t\t\t<div class=\"elementor-element elementor-element-4fb2bd64 e-flex e-con-boxed e-con e-parent\" data-id=\"4fb2bd64\" data-element_type=\"container\" data-e-type=\"container\">\n\t\t\t\t\t<div class=\"e-con-inner\">\n\t\t\t\t<div class=\"elementor-element elementor-element-32439242 elementor-widget elementor-widget-text-editor\" data-id=\"32439242\" data-element_type=\"widget\" data-e-type=\"widget\" data-widget_type=\"text-editor.default\">\n\t\t\t\t\t\t\t\t\t<p><strong>Datenschutzbestimmungen<\/strong><\/p><p>Cura Explore Car Rentals B.V., mit Sitz in FD Rooseveltweg 348, Willemstad, Curacao, ist verantwortlich f\u00fcr die Verarbeitung personenbezogener Daten, wie in dieser Datenschutzerkl\u00e4rung beschrieben.<\/p><p>Kontaktdaten:<br>Cura Explore Car Rentals B.V.<br>Registrierungsnummer: 157048<br>Mehrwertsteuer: 102586160<\/p><p>info@cura-explore.com<\/p><p><strong>Personenbezogene Daten, die wir verarbeiten:<\/strong><br>Cura Explore Car Rentals verarbeitet Ihre personenbezogenen Daten, weil Sie unsere Dienste nutzen und\/oder weil Sie uns diese Daten selbst zur Verf\u00fcgung gestellt haben (haben).<\/p><p>Nachstehend finden Sie eine \u00dcbersicht \u00fcber die von uns verarbeiteten personenbezogenen Daten:<\/p><ul><li>Vorname und Nachname<\/li><li>Geschlecht<\/li><li>Geburtsdatum<\/li><li>Ort der Geburt<\/li><li>Adresse Details<\/li><li>Rufnummer<\/li><li>E-Mail Adresse<\/li><li>Kopie des F\u00fchrerscheins<\/li><li>IP-Adresse<\/li><li>Andere pers\u00f6nliche Daten, die Sie uns aktiv zur Verf\u00fcgung stellen, z.B. durch die Erstellung eines Profils auf dieser Website, in der Korrespondenz und per Telefon<\/li><li>Daten \u00fcber Ihre Aktivit\u00e4ten auf unserer Website<\/li><li>Daten \u00fcber Ihr Surfverhalten auf verschiedenen Websites (z. B. weil dieses Unternehmen Teil eines Werbenetzwerks ist)<\/li><li>Internet-Browser und Ger\u00e4tetyp<\/li><\/ul><p> <\/p><p><strong>Besondere und\/oder sensible pers\u00f6nliche Daten, die wir verarbeiten<\/strong><br>Unsere Website und\/oder unser Service beabsichtigt nicht, Daten von Website-Besuchern zu sammeln, die unter 16 Jahre alt sind. Es sei denn, sie haben die Erlaubnis ihrer Eltern oder Erziehungsberechtigten. Wir k\u00f6nnen jedoch nicht \u00fcberpr\u00fcfen, ob ein Besucher \u00e4lter als 16 Jahre ist. Wir raten Eltern daher, sich mit den Online-Aktivit\u00e4ten ihrer Kinder zu befassen, um zu vermeiden, dass Daten von Kindern ohne elterliche Zustimmung erfasst werden. Wenn Sie davon \u00fcberzeugt sind, dass wir personenbezogene Daten \u00fcber einen Minderj\u00e4hrigen ohne eine solche Zustimmung gesammelt haben, kontaktieren Sie uns bitte unter info@cura-explore.com und wir werden diese Informationen l\u00f6schen.    <\/p><p><strong>Zu welchem Zweck und auf welcher Grundlage verarbeiten wir personenbezogene Daten<br><\/strong>Cura Explore Car Rentals verarbeitet Ihre personenbezogenen Daten f\u00fcr die folgenden Zwecke:<\/p><ul><li>Zusendung unseres Newsletters und\/oder Werbeprospekts<\/li><li>Sie anzurufen oder per E-Mail zu kontaktieren, falls dies zur Erbringung unserer Dienstleistungen erforderlich ist<\/li><li>Sie \u00fcber \u00c4nderungen an unseren Dienstleistungen und Produkten zu informieren<\/li><li>Um Ihnen Dienstleistungen zu liefern<\/li><li>Cura Explore Car Rentals analysiert Ihr Verhalten auf der Website, um die Website zu verbessern und das Angebot an Produkten und Dienstleistungen auf Ihre Pr\u00e4ferenzen zuzuschneiden.<\/li><li>Cura Explore Car Rentals verarbeitet auch personenbezogene Daten, wenn wir gesetzlich dazu verpflichtet sind, wie z.B. Daten, die wir f\u00fcr unsere Steuererkl\u00e4rung ben\u00f6tigen.<\/li><li>Automatisierte Entscheidungsfindung<\/li><li>Cura Explore Car Rentals trifft Entscheidungen auf der Grundlage automatisierter Verarbeitung in Angelegenheiten, die Einzelpersonen (erheblich) betreffen k\u00f6nnten. Dies sind Entscheidungen, die von Computerprogrammen oder -systemen getroffen werden, ohne dass eine Person (z.B. ein Mitarbeiter von Cura Explore Car Rentals) daran beteiligt ist. Cura Explore Car Rentals verwendet die folgenden Computerprogramme oder -systeme:  <\/li><\/ul><p> <\/p><p><strong>Systemname Warum wird dieses System verwendet? Zugrunde liegende Logik <\/strong><br>Google Analytics Insights und Daten zum Surfverhalten auf unserer Website. Messen = Wissen<br>Google Analytics Einblicke und Daten aus Ihrem Online-Gesch\u00e4ft Messen = Wissen<br>Google Ads Online-Werbung Sorgt f\u00fcr mehr Konversion<br>Microsoft \/ Bing Ads Online-Werbung Sorgt f\u00fcr mehr Konversion<br>LinkedIn Ads Online Werbung Sorgt f\u00fcr mehr Conversion<br>Facebook Ads Online Werbung Sorgt f\u00fcr mehr Conversion<br>Instagram Ads Online Werbung Sorgt f\u00fcr mehr Conversion<br>Facebook Pixel Online Werbung Sorgt f\u00fcr mehr Conversion<br>OptimierungSysteme Um A\/B-Tests durchf\u00fchren zu k\u00f6nnen und eine besser funktionierende Website zu erstellen. Messen = Wissen<br>Cookie Bot Um die Erlaubnis zum Setzen von Cookies einzuholen Rechtlich erforderlich<br>Google Drive Um das Bearbeitungsregister auf dem neuesten Stand zu halten Rechtlich erforderlich<br>WordPress Unser CMS Hier www.cura-explore.com l\u00e4uft auf<br>Rentsyst Reservierungssystem, in dem Reservierungen bearbeitet werden  <\/p><p><strong>Wie lange wir personenbezogene Daten aufbewahren<\/strong><br>Die Autovermietung Cura Explore bewahrt Ihre personenbezogenen Daten nicht l\u00e4nger auf, als es f\u00fcr die Erf\u00fcllung der Zwecke, f\u00fcr die Ihre Daten erhoben wurden, unbedingt erforderlich ist. Wir verwenden die folgenden Aufbewahrungsfristen f\u00fcr die folgenden (Kategorien von) personenbezogenen Daten: <\/p><p><strong>Kategorie Aufbewahrungsfrist Grund<\/strong><br>Vor- und Nachname Bis zu 10 Jahre Verwaltung und Buchhaltung<br>Geschlecht Bis zu 10 Jahre Verwaltung und Buchhaltung<br>Geburtsdatum Bis zu 10 Jahre Verwaltung und Buchhaltung<br>Geburtsort Bis zu 10 Jahre Verwaltung und Buchhaltung<br>Adressdaten Bis zu 10 Jahre Verwaltung und Buchhaltung<br>Telefonnummer Bis zu 10 Jahre Verwaltung und Buchhaltung<br>E-Mail-Adresse Bis zu 10 Jahre Verwaltung und Buchhaltung<br>IP-Adresse (Wordfence) Bis zu 24 Monate Sicherheit unserer Website (www.Cura Explore Car Rentals.nl)<br>IP-Adresse (Online-Marketing) Bis zu 540 Tage Personalisierte Werbung<br>Andere pers\u00f6nliche Daten, die Sie aktiv zur Verf\u00fcgung stellen, z.B. durch die Erstellung eines Profils auf dieser Website, in der Korrespondenz und per Telefon Bis zu 10 Jahre Verwaltung und Buchhaltung<br>Daten \u00fcber Ihre Aktivit\u00e4ten auf unserer Website Bis zu 540 Tage Personalisierte Werbung und damit wir eine besser konvertierende Website (www.Cura Explore Car Rentals.nl ) erstellen k\u00f6nnen.<br>Daten \u00fcber Ihr Surfverhalten auf verschiedenen Websites (z.B. weil dieses Unternehmen Teil eines Werbenetzwerks ist) Bis zu 540 Tage Personalisierte Werbung<br>Internetbrowser und Ger\u00e4tetyp Bis zu 540 Tage Personalisierte Werbung<br>Bankkontonummer Bis zu 10 Jahre Verwaltung und Buchhaltung<br>Weitergabe personenbezogener Daten an Dritte<br>Cura Explore Car Rentals verkauft Ihre Daten nicht an Dritte und wird sie nur dann an Dritte weitergeben, wenn dies f\u00fcr die Ausf\u00fchrung unserer Vereinbarung mit Ihnen oder zur Erf\u00fcllung einer gesetzlichen Verpflichtung erforderlich ist. Mit Unternehmen, die Ihre Daten in unserem Auftrag verarbeiten, schlie\u00dfen wir eine Auftragsverarbeitungsvereinbarung ab, um das gleiche Niveau an Sicherheit und Vertraulichkeit Ihrer Daten zu gew\u00e4hrleisten. Cura Explore Car Rentals bleibt f\u00fcr diese Verarbeitung verantwortlich.  <\/p><p><strong>Cookies oder \u00e4hnliche Techniken, die wir verwenden<\/strong><br>Cura Explore Car Rentals verwendet funktionale, analytische und Tracking-Cookies. Ein Cookie ist eine kleine Textdatei, die im Browser Ihres Computers, Tablets oder Smartphones gespeichert wird, wenn Sie diese Website zum ersten Mal besuchen. Cura Explore Car Rentals verwendet Cookies mit einer rein technischen Funktion. Diese sorgen daf\u00fcr, dass die Website ordnungsgem\u00e4\u00df funktioniert und dass z.B. Ihre Pr\u00e4ferenzen gespeichert werden. Diese Cookies werden auch verwendet, damit die Website ordnungsgem\u00e4\u00df funktioniert und um sie zu optimieren. Dar\u00fcber hinaus platzieren wir Cookies, die Ihr Surfverhalten verfolgen, damit wir Ihnen ma\u00dfgeschneiderte Inhalte und Werbung anbieten k\u00f6nnen.     <\/p><p>Bei Ihrem ersten Besuch auf unserer Website haben wir Sie bereits \u00fcber diese Cookies informiert und um Ihr Einverst\u00e4ndnis gebeten, sie zu setzen.<\/p><p>Sie k\u00f6nnen Cookies ablehnen, indem Sie Ihren Internetbrowser so einstellen, dass keine Cookies mehr gespeichert werden. Au\u00dferdem k\u00f6nnen Sie alle zuvor gespeicherten Informationen \u00fcber Ihre Browsereinstellungen l\u00f6schen. <\/p><p>Daten einsehen, korrigieren oder l\u00f6schen<br>Sie haben das Recht, Ihre personenbezogenen Daten einzusehen, zu korrigieren oder zu l\u00f6schen. Sie haben auch das Recht, Ihre eventuelle Zustimmung zur Datenverarbeitung zur\u00fcckzuziehen oder der Verarbeitung Ihrer personenbezogenen Daten durch Cura Explore Car Rentals zu widersprechen, und Sie haben das Recht auf Daten\u00fcbertragbarkeit. Das bedeutet, dass Sie bei uns beantragen k\u00f6nnen, dass die personenbezogenen Daten, die wir \u00fcber Sie in einer Computerdatei gespeichert haben, an Sie oder eine andere von Ihnen benannte Organisation \u00fcbermittelt werden.  <\/p><p>Sie k\u00f6nnen einen Antrag auf Einsicht, Berichtigung, L\u00f6schung oder \u00dcbertragung Ihrer personenbezogenen Daten oder auf Widerruf Ihrer Einwilligung oder Widerspruch gegen die Verarbeitung Ihrer personenbezogenen Daten an info@cura-explore.com senden.<\/p><p>Um sicherzustellen, dass der Antrag auf Einsichtnahme von Ihnen gestellt wird, bitten wir Sie, dem Antrag eine Kopie Ihres Identit\u00e4tsnachweises beizuf\u00fcgen. Schw\u00e4rzen Sie in dieser Kopie Ihr Passfoto, die MRZ (maschinenlesbare Zone, der Zahlenstreifen am unteren Rand des Passes), die Passnummer und die B\u00fcrgerservicenummer (BSN). Dies dient dem Schutz Ihrer Privatsph\u00e4re. Wir werden Ihre Anfrage so schnell wie m\u00f6glich beantworten, mindestens jedoch innerhalb von vier Wochen. Cura Explore Car Rentals m\u00f6chte Sie au\u00dferdem dar\u00fcber informieren, dass Sie die M\u00f6glichkeit haben, eine Beschwerde bei der nationalen Aufsichtsbeh\u00f6rde, der niederl\u00e4ndischen Datenschutzbeh\u00f6rde, einzureichen. Sie k\u00f6nnen dies \u00fcber diesen Link tun.     <\/p><p>Wie wir pers\u00f6nliche Daten sch\u00fctzen<br>Cura Explore Car Rentals nimmt den Schutz Ihrer Daten ernst und ergreift geeignete Ma\u00dfnahmen, um Missbrauch, Verlust, unbefugten Zugriff, unerw\u00fcnschte Offenlegung und unbefugte \u00c4nderung zu verhindern. Wenn Sie das Gef\u00fchl haben, dass Ihre Daten nicht ordnungsgem\u00e4\u00df gesichert sind oder es Anzeichen f\u00fcr einen Missbrauch gibt, wenden Sie sich bitte an Ihren Kundenbetreuer oder \u00fcber info@cura-explore.com. <\/p><p>Datenschutzverletzung<br>Sobald es zu einer Datenschutzverletzung kommt, werden wir Sie benachrichtigen. Wir bem\u00fchen uns, dies innerhalb von 48 Stunden zu tun, nachdem wir die Datenschutzverletzung entdeckt haben oder so schnell wie m\u00f6glich, nachdem wir von unseren Unterauftragsverarbeitern informiert wurden. Sie erhalten diesbez\u00fcgliche Benachrichtigungen von Ihrem Kundenbetreuer oder \u00fcber info@cura-explore.com. Wir werden Ihnen alle Informationen zur Verf\u00fcgung stellen, die Sie vern\u00fcnftigerweise ben\u00f6tigen, um &#8211; falls erforderlich &#8211; eine korrekte und vollst\u00e4ndige Meldung an die niederl\u00e4ndische Datenschutzbeh\u00f6rde und m\u00f6glicherweise an die betroffene(n) Person(en) im Rahmen der obligatorischen Meldepflicht f\u00fcr Datenschutzverletzungen zu machen. Wir werden Sie auch \u00fcber die Ma\u00dfnahmen informieren, die wir oder unser Unterauftragsverarbeiter als Reaktion auf die Datenverletzung ergriffen haben. F\u00fcr die Meldung von Datenschutzverletzungen an die Datenschutzbeh\u00f6rde und die betroffene(n) Person(en) sind Sie stets selbst verantwortlich. Das F\u00fchren eines Registers \u00fcber Datenschutzverletzungen liegt immer in Ihrer eigenen Verantwortung.      <\/p>\t\t\t\t\t\t\t\t<\/div>\n\t\t\t\t\t<\/div>\n\t\t\t\t<\/div>\n\t\t\t\t<\/div>\n\t\t","protected":false},"excerpt":{"rendered":"<p>Datenschutzbestimmungen Cura Explore Car Rentals B.V., mit Sitz in FD Rooseveltweg 348, Willemstad, Curacao, ist verantwortlich f\u00fcr die Verarbeitung personenbezogener Daten, wie in dieser Datenschutzerkl\u00e4rung beschrieben. Kontaktdaten:Cura Explore Car Rentals B.V.Registrierungsnummer: 157048Mehrwertsteuer: 102586160 info@cura-explore.com Personenbezogene Daten, die wir verarbeiten:Cura Explore Car Rentals verarbeitet Ihre personenbezogenen Daten, weil Sie unsere Dienste nutzen und\/oder weil Sie uns [&hellip;]<\/p>\n","protected":false},"author":1,"featured_media":0,"parent":0,"menu_order":0,"comment_status":"closed","ping_status":"closed","template":"","meta":{"footnotes":""},"class_list":["post-3044","page","type-page","status-publish","hentry"],"yoast_head":"<!-- This site is optimized with the Yoast SEO Premium plugin v27.5 (Yoast SEO v27.5) - https:\/\/yoast.com\/product\/yoast-seo-premium-wordpress\/ -->\n<title>Datenschutzbestimmungen - Cura Explore<\/title>\n<meta name=\"robots\" content=\"index, follow, max-snippet:-1, max-image-preview:large, max-video-preview:-1\" \/>\n<link rel=\"canonical\" href=\"https:\/\/cura-explore.com\/de\/datenschutzbestimmungen\/\" \/>\n<meta property=\"og:locale\" content=\"de_DE\" \/>\n<meta property=\"og:type\" content=\"article\" \/>\n<meta property=\"og:title\" content=\"Datenschutzbestimmungen\" \/>\n<meta property=\"og:description\" content=\"Datenschutzbestimmungen Cura Explore Car Rentals B.V., mit Sitz in FD Rooseveltweg 348, Willemstad, Curacao, ist verantwortlich f\u00fcr die Verarbeitung personenbezogener Daten, wie in dieser Datenschutzerkl\u00e4rung beschrieben. Kontaktdaten:Cura Explore Car Rentals B.V.Registrierungsnummer: 157048Mehrwertsteuer: 102586160 info@cura-explore.com Personenbezogene Daten, die wir verarbeiten:Cura Explore Car Rentals verarbeitet Ihre personenbezogenen Daten, weil Sie unsere Dienste nutzen und\/oder weil Sie uns [&hellip;]\" \/>\n<meta property=\"og:url\" content=\"https:\/\/cura-explore.com\/de\/datenschutzbestimmungen\/\" \/>\n<meta property=\"og:site_name\" content=\"Cura Explore\" \/>\n<meta property=\"article:publisher\" content=\"https:\/\/www.facebook.com\/profile.php?id=61557509752065\" \/>\n<meta property=\"article:modified_time\" content=\"2025-09-15T16:54:07+00:00\" \/>\n<meta property=\"og:image\" content=\"https:\/\/cura-explore.com\/wp-content\/uploads\/2024\/06\/logo-transparency-file-2-2-1.png\" \/>\n\t<meta property=\"og:image:width\" content=\"308\" \/>\n\t<meta property=\"og:image:height\" content=\"239\" \/>\n\t<meta property=\"og:image:type\" content=\"image\/png\" \/>\n<meta name=\"twitter:card\" content=\"summary_large_image\" \/>\n<meta name=\"twitter:label1\" content=\"Gesch\u00e4tzte Lesezeit\" \/>\n\t<meta name=\"twitter:data1\" content=\"7\u00a0Minuten\" \/>\n<script type=\"application\/ld+json\" class=\"yoast-schema-graph\">{\"@context\":\"https:\\\/\\\/schema.org\",\"@graph\":[{\"@type\":\"WebPage\",\"@id\":\"https:\\\/\\\/cura-explore.com\\\/de\\\/datenschutzbestimmungen\\\/\",\"url\":\"https:\\\/\\\/cura-explore.com\\\/de\\\/datenschutzbestimmungen\\\/\",\"name\":\"Datenschutzbestimmungen - Cura Explore\",\"isPartOf\":{\"@id\":\"https:\\\/\\\/cura-explore.com\\\/de\\\/#website\"},\"datePublished\":\"2025-03-20T15:32:15+00:00\",\"dateModified\":\"2025-09-15T16:54:07+00:00\",\"breadcrumb\":{\"@id\":\"https:\\\/\\\/cura-explore.com\\\/de\\\/datenschutzbestimmungen\\\/#breadcrumb\"},\"inLanguage\":\"de\",\"potentialAction\":[{\"@type\":\"ReadAction\",\"target\":[\"https:\\\/\\\/cura-explore.com\\\/de\\\/datenschutzbestimmungen\\\/\"]}]},{\"@type\":\"BreadcrumbList\",\"@id\":\"https:\\\/\\\/cura-explore.com\\\/de\\\/datenschutzbestimmungen\\\/#breadcrumb\",\"itemListElement\":[{\"@type\":\"ListItem\",\"position\":1,\"name\":\"Home\",\"item\":\"https:\\\/\\\/cura-explore.com\\\/de\\\/\"},{\"@type\":\"ListItem\",\"position\":2,\"name\":\"Datenschutzbestimmungen\"}]},{\"@type\":\"WebSite\",\"@id\":\"https:\\\/\\\/cura-explore.com\\\/de\\\/#website\",\"url\":\"https:\\\/\\\/cura-explore.com\\\/de\\\/\",\"name\":\"Cura Explore\",\"description\":\"Cura\u00e7ao Car Rental\",\"publisher\":{\"@id\":\"https:\\\/\\\/cura-explore.com\\\/de\\\/#organization\"},\"potentialAction\":[{\"@type\":\"SearchAction\",\"target\":{\"@type\":\"EntryPoint\",\"urlTemplate\":\"https:\\\/\\\/cura-explore.com\\\/de\\\/?s={search_term_string}\"},\"query-input\":{\"@type\":\"PropertyValueSpecification\",\"valueRequired\":true,\"valueName\":\"search_term_string\"}}],\"inLanguage\":\"de\"},{\"@type\":\"Organization\",\"@id\":\"https:\\\/\\\/cura-explore.com\\\/de\\\/#organization\",\"name\":\"Cura Explore\",\"url\":\"https:\\\/\\\/cura-explore.com\\\/de\\\/\",\"logo\":{\"@type\":\"ImageObject\",\"inLanguage\":\"de\",\"@id\":\"https:\\\/\\\/cura-explore.com\\\/de\\\/#\\\/schema\\\/logo\\\/image\\\/\",\"url\":\"https:\\\/\\\/cura-explore.com\\\/wp-content\\\/uploads\\\/2024\\\/06\\\/logo-transparency-file-2-2.png\",\"contentUrl\":\"https:\\\/\\\/cura-explore.com\\\/wp-content\\\/uploads\\\/2024\\\/06\\\/logo-transparency-file-2-2.png\",\"width\":1506,\"height\":512,\"caption\":\"Cura Explore\"},\"image\":{\"@id\":\"https:\\\/\\\/cura-explore.com\\\/de\\\/#\\\/schema\\\/logo\\\/image\\\/\"},\"sameAs\":[\"https:\\\/\\\/www.facebook.com\\\/profile.php?id=61557509752065\",\"https:\\\/\\\/www.instagram.com\\\/cura.explore\",\"https:\\\/\\\/www.youtube.com\\\/@CuraExploreCarRentals\"],\"description\":\"Cura Explore Car Rentals B.V. is een jong dynamisch bedrijf, gericht op persoonlijk contact, hoogwaardige service, nieuwe autos en ultieme efficientie. Wanneer u op vakantie bent dan gaat het om gemak. U wilt niet uren op zoek zijn naar die ene betaalbare maar goede huurauto om vervolgens allerlei moeilijke formulieren te moeten invullen of kleine lettertjes te moeten lezen. U heeft geen zin om op het vliegveld een uur te wachten voordat u eindelijk uw huurauto krijgt. U wilt ook zeker niet voor verrassingen komen te staan en plotseling meer moeten betalen dan is afgesproken. U wilt geen buitenlandse nummers hoeven bellen om terecht te komen in allelei keuzemenu\u2019s. U wilt weten waar u aan toe bent! Gewoon een perfecte auto voor een perfecte prijs met duidelijke afspraken en fijne persoonlijk service. En dat is precies waar Cura Explore voor staat! Cura Explore: Uitsluitend nieuwe autos van hoge kwaliteit; het laatste wat u op vakantie wilt is een auto met mankementen. Persoonlijke service voorop; onze Whatsapp is de hele dag voor u beschikbaar. Wij kunnen via Whatsapp voor u een boeking maken, vragen beantwoorden, ondersteuning bieden bij problemen en meer. Brengt de auto waar u deze nodig heeft; wij zitten 1km van het vliegveld. Wanneer u uw auto op het vliegveld wilt ontvangen halen wij je op, rijden naar onze locatie, doen het papierwerk en kunt u uw weg vervolgen. Wilt u liever de auto bij uw hotel\\\/verblijf ontvangen? Geen probleem, wij komen naar u toe. Altijd inclusief 24\\\/7 pechhulp; Mocht u pech ondervinden komt er iemand naar u toe om te helpen. Kan de auto niet verder? Dan wordt u thuisgebracht en zorgen wij voor een vervangende auto. Altijd inclusief verzekering; Bij iedere reservering zit een verplichte basisverzekering met de optie van het afkopen van het eigen risico. Veilig betalen met uw bankpas of credit card: Wij hebben bij iedere levering een mobiele betaalautomaat bij ons. Cash is niet nodig. Niet voor niets scoort Cura Explore 5 uit 5 op de b\",\"email\":\"info@cura-explore.com\",\"telephone\":\"+59995204140\",\"legalName\":\"FD Rooseveltweg 348, Willemstad, Curacao\",\"foundingDate\":\"2024-06-01\"}]}<\/script>\n<!-- \/ Yoast SEO Premium plugin. -->","yoast_head_json":{"title":"Datenschutzbestimmungen - Cura Explore","robots":{"index":"index","follow":"follow","max-snippet":"max-snippet:-1","max-image-preview":"max-image-preview:large","max-video-preview":"max-video-preview:-1"},"canonical":"https:\/\/cura-explore.com\/de\/datenschutzbestimmungen\/","og_locale":"de_DE","og_type":"article","og_title":"Datenschutzbestimmungen","og_description":"Datenschutzbestimmungen Cura Explore Car Rentals B.V., mit Sitz in FD Rooseveltweg 348, Willemstad, Curacao, ist verantwortlich f\u00fcr die Verarbeitung personenbezogener Daten, wie in dieser Datenschutzerkl\u00e4rung beschrieben. Kontaktdaten:Cura Explore Car Rentals B.V.Registrierungsnummer: 157048Mehrwertsteuer: 102586160 info@cura-explore.com Personenbezogene Daten, die wir verarbeiten:Cura Explore Car Rentals verarbeitet Ihre personenbezogenen Daten, weil Sie unsere Dienste nutzen und\/oder weil Sie uns [&hellip;]","og_url":"https:\/\/cura-explore.com\/de\/datenschutzbestimmungen\/","og_site_name":"Cura Explore","article_publisher":"https:\/\/www.facebook.com\/profile.php?id=61557509752065","article_modified_time":"2025-09-15T16:54:07+00:00","og_image":[{"width":308,"height":239,"url":"https:\/\/cura-explore.com\/wp-content\/uploads\/2024\/06\/logo-transparency-file-2-2-1.png","type":"image\/png"}],"twitter_card":"summary_large_image","twitter_misc":{"Gesch\u00e4tzte Lesezeit":"7\u00a0Minuten"},"schema":{"@context":"https:\/\/schema.org","@graph":[{"@type":"WebPage","@id":"https:\/\/cura-explore.com\/de\/datenschutzbestimmungen\/","url":"https:\/\/cura-explore.com\/de\/datenschutzbestimmungen\/","name":"Datenschutzbestimmungen - Cura Explore","isPartOf":{"@id":"https:\/\/cura-explore.com\/de\/#website"},"datePublished":"2025-03-20T15:32:15+00:00","dateModified":"2025-09-15T16:54:07+00:00","breadcrumb":{"@id":"https:\/\/cura-explore.com\/de\/datenschutzbestimmungen\/#breadcrumb"},"inLanguage":"de","potentialAction":[{"@type":"ReadAction","target":["https:\/\/cura-explore.com\/de\/datenschutzbestimmungen\/"]}]},{"@type":"BreadcrumbList","@id":"https:\/\/cura-explore.com\/de\/datenschutzbestimmungen\/#breadcrumb","itemListElement":[{"@type":"ListItem","position":1,"name":"Home","item":"https:\/\/cura-explore.com\/de\/"},{"@type":"ListItem","position":2,"name":"Datenschutzbestimmungen"}]},{"@type":"WebSite","@id":"https:\/\/cura-explore.com\/de\/#website","url":"https:\/\/cura-explore.com\/de\/","name":"Cura Explore","description":"Cura\u00e7ao Car Rental","publisher":{"@id":"https:\/\/cura-explore.com\/de\/#organization"},"potentialAction":[{"@type":"SearchAction","target":{"@type":"EntryPoint","urlTemplate":"https:\/\/cura-explore.com\/de\/?s={search_term_string}"},"query-input":{"@type":"PropertyValueSpecification","valueRequired":true,"valueName":"search_term_string"}}],"inLanguage":"de"},{"@type":"Organization","@id":"https:\/\/cura-explore.com\/de\/#organization","name":"Cura Explore","url":"https:\/\/cura-explore.com\/de\/","logo":{"@type":"ImageObject","inLanguage":"de","@id":"https:\/\/cura-explore.com\/de\/#\/schema\/logo\/image\/","url":"https:\/\/cura-explore.com\/wp-content\/uploads\/2024\/06\/logo-transparency-file-2-2.png","contentUrl":"https:\/\/cura-explore.com\/wp-content\/uploads\/2024\/06\/logo-transparency-file-2-2.png","width":1506,"height":512,"caption":"Cura Explore"},"image":{"@id":"https:\/\/cura-explore.com\/de\/#\/schema\/logo\/image\/"},"sameAs":["https:\/\/www.facebook.com\/profile.php?id=61557509752065","https:\/\/www.instagram.com\/cura.explore","https:\/\/www.youtube.com\/@CuraExploreCarRentals"],"description":"Cura Explore Car Rentals B.V. is een jong dynamisch bedrijf, gericht op persoonlijk contact, hoogwaardige service, nieuwe autos en ultieme efficientie. Wanneer u op vakantie bent dan gaat het om gemak. U wilt niet uren op zoek zijn naar die ene betaalbare maar goede huurauto om vervolgens allerlei moeilijke formulieren te moeten invullen of kleine lettertjes te moeten lezen. U heeft geen zin om op het vliegveld een uur te wachten voordat u eindelijk uw huurauto krijgt. U wilt ook zeker niet voor verrassingen komen te staan en plotseling meer moeten betalen dan is afgesproken. U wilt geen buitenlandse nummers hoeven bellen om terecht te komen in allelei keuzemenu\u2019s. U wilt weten waar u aan toe bent! Gewoon een perfecte auto voor een perfecte prijs met duidelijke afspraken en fijne persoonlijk service. En dat is precies waar Cura Explore voor staat! Cura Explore: Uitsluitend nieuwe autos van hoge kwaliteit; het laatste wat u op vakantie wilt is een auto met mankementen. Persoonlijke service voorop; onze Whatsapp is de hele dag voor u beschikbaar. Wij kunnen via Whatsapp voor u een boeking maken, vragen beantwoorden, ondersteuning bieden bij problemen en meer. Brengt de auto waar u deze nodig heeft; wij zitten 1km van het vliegveld. Wanneer u uw auto op het vliegveld wilt ontvangen halen wij je op, rijden naar onze locatie, doen het papierwerk en kunt u uw weg vervolgen. Wilt u liever de auto bij uw hotel\/verblijf ontvangen? Geen probleem, wij komen naar u toe. Altijd inclusief 24\/7 pechhulp; Mocht u pech ondervinden komt er iemand naar u toe om te helpen. Kan de auto niet verder? Dan wordt u thuisgebracht en zorgen wij voor een vervangende auto. Altijd inclusief verzekering; Bij iedere reservering zit een verplichte basisverzekering met de optie van het afkopen van het eigen risico. Veilig betalen met uw bankpas of credit card: Wij hebben bij iedere levering een mobiele betaalautomaat bij ons. Cash is niet nodig. Niet voor niets scoort Cura Explore 5 uit 5 op de b","email":"info@cura-explore.com","telephone":"+59995204140","legalName":"FD Rooseveltweg 348, Willemstad, Curacao","foundingDate":"2024-06-01"}]}},"_links":{"self":[{"href":"https:\/\/cura-explore.com\/de\/wp-json\/wp\/v2\/pages\/3044","targetHints":{"allow":["GET"]}}],"collection":[{"href":"https:\/\/cura-explore.com\/de\/wp-json\/wp\/v2\/pages"}],"about":[{"href":"https:\/\/cura-explore.com\/de\/wp-json\/wp\/v2\/types\/page"}],"author":[{"embeddable":true,"href":"https:\/\/cura-explore.com\/de\/wp-json\/wp\/v2\/users\/1"}],"replies":[{"embeddable":true,"href":"https:\/\/cura-explore.com\/de\/wp-json\/wp\/v2\/comments?post=3044"}],"version-history":[{"count":1,"href":"https:\/\/cura-explore.com\/de\/wp-json\/wp\/v2\/pages\/3044\/revisions"}],"predecessor-version":[{"id":3045,"href":"https:\/\/cura-explore.com\/de\/wp-json\/wp\/v2\/pages\/3044\/revisions\/3045"}],"wp:attachment":[{"href":"https:\/\/cura-explore.com\/de\/wp-json\/wp\/v2\/media?parent=3044"}],"curies":[{"name":"wp","href":"https:\/\/api.w.org\/{rel}","templated":true}]}}