{"id":3042,"date":"2024-06-20T06:08:52","date_gmt":"2024-06-20T06:08:52","guid":{"rendered":"https:\/\/cura-explore.com\/allgemeine-bedingungen-und-konditionen\/"},"modified":"2026-03-30T13:26:01","modified_gmt":"2026-03-30T13:26:01","slug":"allgemeine-bedingungen-und-konditionen","status":"publish","type":"page","link":"https:\/\/cura-explore.com\/de\/allgemeine-bedingungen-und-konditionen\/","title":{"rendered":"Allgemeine Bedingungen und Konditionen"},"content":{"rendered":"\t\t<div data-elementor-type=\"wp-page\" data-elementor-id=\"3042\" class=\"elementor elementor-3042 elementor-17\" data-elementor-post-type=\"page\">\n\t\t\t\t<div class=\"elementor-element elementor-element-2a8cfc88 e-flex e-con-boxed e-con e-parent\" data-id=\"2a8cfc88\" data-element_type=\"container\" data-e-type=\"container\">\n\t\t\t\t\t<div class=\"e-con-inner\">\n\t\t\t\t<div class=\"elementor-element elementor-element-7e34a22a elementor-widget elementor-widget-text-editor\" data-id=\"7e34a22a\" data-element_type=\"widget\" data-e-type=\"widget\" data-widget_type=\"text-editor.default\">\n\t\t\t\t\t\t\t\t\t<p><strong>Allgemeine Bedingungen und Konditionen<\/strong><\/p><p>-Das gelieferte Auto kann sich von dem reservierten Auto in Farbe und Modell unterscheiden, aber es wird nie eine Verschlechterung sein.<\/p><p>-STRASSENSERVICE \/ PANNENHILFE : RUF 9247<\/p><p>-Maximale Selbstbeteiligung: \u20ac 700,- oder US$ 750.<\/p><p>-Maximale Selbstbeteiligung, die in voller H\u00f6he zu zahlen ist, wenn bei der R\u00fcckgabe des Fahrzeugs ein neuer Schaden festgestellt wird. US$750.- zu zahlen, unabh\u00e4ngig von der Art des\/der neuen Schadens\/Sch\u00e4den (selbst bei einem kleinen Schaden summieren sich die Kosten aufgrund von Umsatzverlusten, Arbeit und Wertminderung schnell). <\/p><p>-Treibstofftank = 100%. Bitte geben Sie das Auto mit vollst\u00e4ndig gef\u00fclltem Tank wieder zur\u00fcck<\/p><p>-(Super, Gelbe Pumpe). Bei einer nicht 100%igen Bef\u00fcllung wird eine Strafgeb\u00fchr von 25 US$ zuz\u00fcglich einer Geb\u00fchr von 20 US$ pro \u00bc Tankf\u00fcllung f\u00e4llig.<\/p><p>-Unbegrenzte Kilometer<\/p><p>-In einem Notfall&gt; BEWEGEN SIE DAS AUTO NICHT und rufen Sie den Cura\u00e7ao Road Service (Forensys) unter +59994613282 an.<\/p><p>Bei Nichtbeachtung dieses Verfahrens wird eine Geb\u00fchr von 300 US-Dollar f\u00e4llig.<\/p><p>-Verkehr von RECHTS hat KEINE Priorit\u00e4t&gt; -Verkehr von RECHTS hat KEINE PRIORIT\u00c4T<\/p><p>-Bitte beachten Sie, dass die Stra\u00dfen bei N\u00e4sse sehr rutschig sind. Fahren Sie nicht OFF ROAD mit dem Mietauto<\/p><p>-Don\u2019t leave any belongings in the car while away from the car. No insurance coverage if you leave valuables visible in the car. <\/p><p>-Wenn Sie mit nasser Badehose\/Badeanzug vom Strand zur\u00fcckkehren, legen Sie bitte Handt\u00fccher auf die Sitze, bevor Sie sich ins Auto setzen<\/p><p>-Wenn neue (Salz-)Flecken sichtbar sind, muss der Kunde $50\/90 NAF bezahlen.<\/p><p>-Bei der \u00dcbergabe des Fahrzeugs werden die vorhandenen Sch\u00e4den angezeigt und das Fahrzeug wird auf weitere unbemerkte Sch\u00e4den \u00fcberpr\u00fcft. Wenn diese festgestellt werden, werden sie zu den vorhandenen Sch\u00e4den hinzugef\u00fcgt. Dies gilt auch f\u00fcr den Zustand der Innenausstattung. Der Kunde unterschreibt f\u00fcr den aktuellen Zustand des Fahrzeugs.   <\/p><p>-Zustand des Autos wird auf Online-Schadenverzichtserkl\u00e4rung gef\u00fcllt und bei der Abholung als Referenz verwendet werden.<\/p><p>-Im Falle einer Reifenpanne&gt;ersetzen Sie den Reifen bitte selbst oder rufen Sie die &#8222;Wegenwacht&#8220; an. Es liegt in Ihrer Verantwortung, die Reifenpanne so schnell wie m\u00f6glich zu beheben.<\/p><p>-Bitte kontaktieren Sie unser Customer Care Center, um zu erfahren, wo Sie den Reifen reparieren lassen k\u00f6nnen. Die Kosten f\u00fcr die Reparatur des Reifens gehen zu Lasten des Mieters. Andernfalls sehen wir uns gezwungen, Ihnen eine Geldstrafe in H\u00f6he von 125,- US$ zu berechnen.<\/p><p>-Die Mietwagenversicherung ist in den Gebieten Punda, Otrabanda und Pietermaai nicht g\u00fcltig, es sei denn, das Fahrzeug ist geparkt.<\/p><p>-in einem (kostenlosen) Parkhaus des Renaissance Hotel oder City Suites oder hinter einem geschlossenen privaten Zaun<\/p><p>Bitte beachten Sie, dass bei Zahlungen per Kreditkarte oder Mastercard\/Visa-Debitkarte aufgrund von Bankgeb\u00fchren eine Bearbeitungsgeb\u00fchr von 5% erhoben wird.<\/p><p data-start=\"142\" data-end=\"221\" data-is-last-node=\"\" data-is-only-node=\"\">Diese Geb\u00fchr gilt nicht f\u00fcr Zahlungen in bar oder mit einer normalen Debitkarte.<\/p><p>-Andere allgemeine Mietbedingungen:<br>Der Mieter hat die folgenden Bedingungen gelesen und verstanden. Der Mieter muss wissen, wie das gemietete Auto zu bedienen ist. Der Mieter muss einen g\u00fcltigen F\u00fchrerschein besitzen. Nur der Mieter darf das Auto bedienen. Das Auto ist so zu behandeln und zu fahren, als w\u00e4re es das eigene Auto des Mieters. Der Mieter haftet allein f\u00fcr alle Kosten, Sch\u00e4den und Verletzungen, die den Insassen des Fahrzeugs entstehen. Der Mieter haftet allein f\u00fcr Kosten, Sch\u00e4den oder Diebstahl von im Fahrzeug zur\u00fcckgelassenen oder gelagerten Gegenst\u00e4nden. Wenn das Auto unverschlossen bleibt, ist der Mieter f\u00fcr alle Sch\u00e4den voll verantwortlich. (Abschleppen) Kosten und Sch\u00e4den, die durch den Verlust von Schl\u00fcsseln, das Entladen der Batterie (z.B. durch das Anlassen des Lichts bei ausgeschaltetem Auto) oder das Verlassen des Fahrzeugs entstehen, gehen zu Lasten des Mieters, wenn Wegenwacht Ihnen nicht helfen kann. Nicht in der Mietversicherung enthalten: Besch\u00e4digung oder Durchstich von Reifen und Scheiben. Die Versicherung ist nicht g\u00fcltig, wenn der Fahrer unter dem Einfluss von Drogen oder Alkohol steht. Die Versicherung ist nicht g\u00fcltig, wenn eine andere Person als der Kunde das Fahrzeug f\u00e4hrt. Im Falle einer zu zahlenden Selbstbeteiligung und\/oder eines Schadens muss die Selbstbeteiligung\/der Schaden vor Verlassen der Insel Cura\u00e7ao bezahlt werden. Bei R\u00fcckgabe des Fahrzeugs mit \u00fcberm\u00e4\u00dfigem Schmutz, Sand oder Flecken wird eine Reinigungsgeb\u00fchr von 50 US-Dollar erhoben. Rauchen ist im Auto nicht erlaubt, im Falle des Rauchens wird eine Reinigungsgeb\u00fchr von US$250 erhoben. &#8211; Das Tanken von Diesel f\u00fchrt zu einem Schaden von $750 am Auto, der vom Mieter zu zahlen ist.<\/p><p>Um eine Reservierung vornehmen zu k\u00f6nnen, ben\u00f6tigen wir eine Anzahlung von 50% des Mietpreises. Die Anzahlung von 50% muss innerhalb von 48 Stunden nach der Reservierung erfolgen, um die Reservierung zu sichern. <\/p><div><span style=\"font-size: 1rem;\">Stornierungsbedingungen:<\/span><\/div><p>-Wenn Sie bis zu 5 Tage vor Mietbeginn stornieren, berechnen wir US$160,- Stornierungskosten<br>-Wenn Sie zwischen 5 Tagen und 24 Stunden vor Mietbeginn stornieren, berechnen wir US$300,-<br>-Wenn Sie innerhalb von 24 Stunden vor Mietbeginn stornieren oder den Wagen nicht abholen, wird Ihnen der volle Mietbetrag berechnet.<\/p><p><span style=\"font-size: 1rem;\">Erstattungsrichtlinie:<\/span><\/p><p>-R\u00fcckerstattungen sind anwendbar, wenn der Mieter seine Reservierung storniert, aber die Buchung bereits (teilweise) im Voraus bezahlt hat.<\/p><p>-Nach der Stornierung erfolgt die R\u00fcckerstattung innerhalb von 5 Werktagen (abz\u00fcglich der Stornierungskosten).<\/p>\t\t\t\t\t\t\t\t<\/div>\n\t\t\t\t\t<\/div>\n\t\t\t\t<\/div>\n\t\t\t\t<\/div>\n\t\t","protected":false},"excerpt":{"rendered":"<p>Allgemeine Bedingungen und Konditionen -Das gelieferte Auto kann sich von dem reservierten Auto in Farbe und Modell unterscheiden, aber es wird nie eine Verschlechterung sein. -STRASSENSERVICE \/ PANNENHILFE : RUF 9247 -Maximale Selbstbeteiligung: \u20ac 700,- oder US$ 750. -Maximale Selbstbeteiligung, die in voller H\u00f6he zu zahlen ist, wenn bei der R\u00fcckgabe des Fahrzeugs ein neuer [&hellip;]<\/p>\n","protected":false},"author":1,"featured_media":0,"parent":0,"menu_order":0,"comment_status":"closed","ping_status":"closed","template":"","meta":{"footnotes":""},"class_list":["post-3042","page","type-page","status-publish","hentry"],"yoast_head":"<!-- This site is optimized with the Yoast SEO Premium plugin v27.5 (Yoast SEO v27.5) - https:\/\/yoast.com\/product\/yoast-seo-premium-wordpress\/ -->\n<title>Lesen Sie hier unseren %%title% Autovermietung - Cura Explore Cura\u00e7ao<\/title>\n<meta name=\"description\" content=\"Lesen Sie die Bedingungen f\u00fcr die Anmietung eines Fahrzeugs bei Cura Explore auf Cura\u00e7ao. Klare Vereinbarungen f\u00fcr eine sorgenfreie Anmietung.\" \/>\n<meta name=\"robots\" content=\"index, follow, max-snippet:-1, max-image-preview:large, max-video-preview:-1\" \/>\n<link rel=\"canonical\" href=\"https:\/\/cura-explore.com\/de\/allgemeine-bedingungen-und-konditionen\/\" \/>\n<meta property=\"og:locale\" content=\"de_DE\" \/>\n<meta property=\"og:type\" content=\"article\" \/>\n<meta property=\"og:title\" content=\"Allgemeine Bedingungen und Konditionen\" \/>\n<meta property=\"og:description\" content=\"Lesen Sie die Bedingungen f\u00fcr die Anmietung eines Fahrzeugs bei Cura Explore auf Cura\u00e7ao. Klare Vereinbarungen f\u00fcr eine sorgenfreie Anmietung.\" \/>\n<meta property=\"og:url\" content=\"https:\/\/cura-explore.com\/de\/allgemeine-bedingungen-und-konditionen\/\" \/>\n<meta property=\"og:site_name\" content=\"Cura Explore\" \/>\n<meta property=\"article:publisher\" content=\"https:\/\/www.facebook.com\/profile.php?id=61557509752065\" \/>\n<meta property=\"article:modified_time\" content=\"2026-03-30T13:26:01+00:00\" \/>\n<meta property=\"og:image\" content=\"https:\/\/cura-explore.com\/wp-content\/uploads\/2024\/06\/logo-transparency-file-2-2-1.png\" \/>\n\t<meta property=\"og:image:width\" content=\"308\" \/>\n\t<meta property=\"og:image:height\" content=\"239\" \/>\n\t<meta property=\"og:image:type\" content=\"image\/png\" \/>\n<meta name=\"twitter:card\" content=\"summary_large_image\" \/>\n<meta name=\"twitter:label1\" content=\"Gesch\u00e4tzte Lesezeit\" \/>\n\t<meta name=\"twitter:data1\" content=\"4\u00a0Minuten\" \/>\n<script type=\"application\/ld+json\" class=\"yoast-schema-graph\">{\"@context\":\"https:\\\/\\\/schema.org\",\"@graph\":[{\"@type\":\"WebPage\",\"@id\":\"https:\\\/\\\/cura-explore.com\\\/de\\\/allgemeine-bedingungen-und-konditionen\\\/\",\"url\":\"https:\\\/\\\/cura-explore.com\\\/de\\\/allgemeine-bedingungen-und-konditionen\\\/\",\"name\":\"Lesen Sie hier unseren %%title% Autovermietung - Cura Explore Cura\u00e7ao\",\"isPartOf\":{\"@id\":\"https:\\\/\\\/cura-explore.com\\\/de\\\/#website\"},\"datePublished\":\"2024-06-20T06:08:52+00:00\",\"dateModified\":\"2026-03-30T13:26:01+00:00\",\"description\":\"Lesen Sie die Bedingungen f\u00fcr die Anmietung eines Fahrzeugs bei Cura Explore auf Cura\u00e7ao. Klare Vereinbarungen f\u00fcr eine sorgenfreie Anmietung.\",\"breadcrumb\":{\"@id\":\"https:\\\/\\\/cura-explore.com\\\/de\\\/allgemeine-bedingungen-und-konditionen\\\/#breadcrumb\"},\"inLanguage\":\"de\",\"potentialAction\":[{\"@type\":\"ReadAction\",\"target\":[\"https:\\\/\\\/cura-explore.com\\\/de\\\/allgemeine-bedingungen-und-konditionen\\\/\"]}]},{\"@type\":\"BreadcrumbList\",\"@id\":\"https:\\\/\\\/cura-explore.com\\\/de\\\/allgemeine-bedingungen-und-konditionen\\\/#breadcrumb\",\"itemListElement\":[{\"@type\":\"ListItem\",\"position\":1,\"name\":\"Home\",\"item\":\"https:\\\/\\\/cura-explore.com\\\/de\\\/\"},{\"@type\":\"ListItem\",\"position\":2,\"name\":\"Allgemeine Bedingungen und Konditionen\"}]},{\"@type\":\"WebSite\",\"@id\":\"https:\\\/\\\/cura-explore.com\\\/de\\\/#website\",\"url\":\"https:\\\/\\\/cura-explore.com\\\/de\\\/\",\"name\":\"Cura Explore\",\"description\":\"Cura\u00e7ao Car Rental\",\"publisher\":{\"@id\":\"https:\\\/\\\/cura-explore.com\\\/de\\\/#organization\"},\"potentialAction\":[{\"@type\":\"SearchAction\",\"target\":{\"@type\":\"EntryPoint\",\"urlTemplate\":\"https:\\\/\\\/cura-explore.com\\\/de\\\/?s={search_term_string}\"},\"query-input\":{\"@type\":\"PropertyValueSpecification\",\"valueRequired\":true,\"valueName\":\"search_term_string\"}}],\"inLanguage\":\"de\"},{\"@type\":\"Organization\",\"@id\":\"https:\\\/\\\/cura-explore.com\\\/de\\\/#organization\",\"name\":\"Cura Explore\",\"url\":\"https:\\\/\\\/cura-explore.com\\\/de\\\/\",\"logo\":{\"@type\":\"ImageObject\",\"inLanguage\":\"de\",\"@id\":\"https:\\\/\\\/cura-explore.com\\\/de\\\/#\\\/schema\\\/logo\\\/image\\\/\",\"url\":\"https:\\\/\\\/cura-explore.com\\\/wp-content\\\/uploads\\\/2024\\\/06\\\/logo-transparency-file-2-2.png\",\"contentUrl\":\"https:\\\/\\\/cura-explore.com\\\/wp-content\\\/uploads\\\/2024\\\/06\\\/logo-transparency-file-2-2.png\",\"width\":1506,\"height\":512,\"caption\":\"Cura Explore\"},\"image\":{\"@id\":\"https:\\\/\\\/cura-explore.com\\\/de\\\/#\\\/schema\\\/logo\\\/image\\\/\"},\"sameAs\":[\"https:\\\/\\\/www.facebook.com\\\/profile.php?id=61557509752065\",\"https:\\\/\\\/www.instagram.com\\\/cura.explore\",\"https:\\\/\\\/www.youtube.com\\\/@CuraExploreCarRentals\"],\"description\":\"Cura Explore Car Rentals B.V. is een jong dynamisch bedrijf, gericht op persoonlijk contact, hoogwaardige service, nieuwe autos en ultieme efficientie. Wanneer u op vakantie bent dan gaat het om gemak. U wilt niet uren op zoek zijn naar die ene betaalbare maar goede huurauto om vervolgens allerlei moeilijke formulieren te moeten invullen of kleine lettertjes te moeten lezen. U heeft geen zin om op het vliegveld een uur te wachten voordat u eindelijk uw huurauto krijgt. U wilt ook zeker niet voor verrassingen komen te staan en plotseling meer moeten betalen dan is afgesproken. U wilt geen buitenlandse nummers hoeven bellen om terecht te komen in allelei keuzemenu\u2019s. U wilt weten waar u aan toe bent! Gewoon een perfecte auto voor een perfecte prijs met duidelijke afspraken en fijne persoonlijk service. En dat is precies waar Cura Explore voor staat! Cura Explore: Uitsluitend nieuwe autos van hoge kwaliteit; het laatste wat u op vakantie wilt is een auto met mankementen. Persoonlijke service voorop; onze Whatsapp is de hele dag voor u beschikbaar. Wij kunnen via Whatsapp voor u een boeking maken, vragen beantwoorden, ondersteuning bieden bij problemen en meer. Brengt de auto waar u deze nodig heeft; wij zitten 1km van het vliegveld. Wanneer u uw auto op het vliegveld wilt ontvangen halen wij je op, rijden naar onze locatie, doen het papierwerk en kunt u uw weg vervolgen. Wilt u liever de auto bij uw hotel\\\/verblijf ontvangen? Geen probleem, wij komen naar u toe. Altijd inclusief 24\\\/7 pechhulp; Mocht u pech ondervinden komt er iemand naar u toe om te helpen. Kan de auto niet verder? Dan wordt u thuisgebracht en zorgen wij voor een vervangende auto. Altijd inclusief verzekering; Bij iedere reservering zit een verplichte basisverzekering met de optie van het afkopen van het eigen risico. Veilig betalen met uw bankpas of credit card: Wij hebben bij iedere levering een mobiele betaalautomaat bij ons. Cash is niet nodig. Niet voor niets scoort Cura Explore 5 uit 5 op de b\",\"email\":\"info@cura-explore.com\",\"telephone\":\"+59995204140\",\"legalName\":\"FD Rooseveltweg 348, Willemstad, Curacao\",\"foundingDate\":\"2024-06-01\"}]}<\/script>\n<!-- \/ Yoast SEO Premium plugin. -->","yoast_head_json":{"title":"Lesen Sie hier unseren %%title% Autovermietung - Cura Explore Cura\u00e7ao","description":"Lesen Sie die Bedingungen f\u00fcr die Anmietung eines Fahrzeugs bei Cura Explore auf Cura\u00e7ao. Klare Vereinbarungen f\u00fcr eine sorgenfreie Anmietung.","robots":{"index":"index","follow":"follow","max-snippet":"max-snippet:-1","max-image-preview":"max-image-preview:large","max-video-preview":"max-video-preview:-1"},"canonical":"https:\/\/cura-explore.com\/de\/allgemeine-bedingungen-und-konditionen\/","og_locale":"de_DE","og_type":"article","og_title":"Allgemeine Bedingungen und Konditionen","og_description":"Lesen Sie die Bedingungen f\u00fcr die Anmietung eines Fahrzeugs bei Cura Explore auf Cura\u00e7ao. Klare Vereinbarungen f\u00fcr eine sorgenfreie Anmietung.","og_url":"https:\/\/cura-explore.com\/de\/allgemeine-bedingungen-und-konditionen\/","og_site_name":"Cura Explore","article_publisher":"https:\/\/www.facebook.com\/profile.php?id=61557509752065","article_modified_time":"2026-03-30T13:26:01+00:00","og_image":[{"width":308,"height":239,"url":"https:\/\/cura-explore.com\/wp-content\/uploads\/2024\/06\/logo-transparency-file-2-2-1.png","type":"image\/png"}],"twitter_card":"summary_large_image","twitter_misc":{"Gesch\u00e4tzte Lesezeit":"4\u00a0Minuten"},"schema":{"@context":"https:\/\/schema.org","@graph":[{"@type":"WebPage","@id":"https:\/\/cura-explore.com\/de\/allgemeine-bedingungen-und-konditionen\/","url":"https:\/\/cura-explore.com\/de\/allgemeine-bedingungen-und-konditionen\/","name":"Lesen Sie hier unseren %%title% Autovermietung - Cura Explore Cura\u00e7ao","isPartOf":{"@id":"https:\/\/cura-explore.com\/de\/#website"},"datePublished":"2024-06-20T06:08:52+00:00","dateModified":"2026-03-30T13:26:01+00:00","description":"Lesen Sie die Bedingungen f\u00fcr die Anmietung eines Fahrzeugs bei Cura Explore auf Cura\u00e7ao. Klare Vereinbarungen f\u00fcr eine sorgenfreie Anmietung.","breadcrumb":{"@id":"https:\/\/cura-explore.com\/de\/allgemeine-bedingungen-und-konditionen\/#breadcrumb"},"inLanguage":"de","potentialAction":[{"@type":"ReadAction","target":["https:\/\/cura-explore.com\/de\/allgemeine-bedingungen-und-konditionen\/"]}]},{"@type":"BreadcrumbList","@id":"https:\/\/cura-explore.com\/de\/allgemeine-bedingungen-und-konditionen\/#breadcrumb","itemListElement":[{"@type":"ListItem","position":1,"name":"Home","item":"https:\/\/cura-explore.com\/de\/"},{"@type":"ListItem","position":2,"name":"Allgemeine Bedingungen und Konditionen"}]},{"@type":"WebSite","@id":"https:\/\/cura-explore.com\/de\/#website","url":"https:\/\/cura-explore.com\/de\/","name":"Cura Explore","description":"Cura\u00e7ao Car Rental","publisher":{"@id":"https:\/\/cura-explore.com\/de\/#organization"},"potentialAction":[{"@type":"SearchAction","target":{"@type":"EntryPoint","urlTemplate":"https:\/\/cura-explore.com\/de\/?s={search_term_string}"},"query-input":{"@type":"PropertyValueSpecification","valueRequired":true,"valueName":"search_term_string"}}],"inLanguage":"de"},{"@type":"Organization","@id":"https:\/\/cura-explore.com\/de\/#organization","name":"Cura Explore","url":"https:\/\/cura-explore.com\/de\/","logo":{"@type":"ImageObject","inLanguage":"de","@id":"https:\/\/cura-explore.com\/de\/#\/schema\/logo\/image\/","url":"https:\/\/cura-explore.com\/wp-content\/uploads\/2024\/06\/logo-transparency-file-2-2.png","contentUrl":"https:\/\/cura-explore.com\/wp-content\/uploads\/2024\/06\/logo-transparency-file-2-2.png","width":1506,"height":512,"caption":"Cura Explore"},"image":{"@id":"https:\/\/cura-explore.com\/de\/#\/schema\/logo\/image\/"},"sameAs":["https:\/\/www.facebook.com\/profile.php?id=61557509752065","https:\/\/www.instagram.com\/cura.explore","https:\/\/www.youtube.com\/@CuraExploreCarRentals"],"description":"Cura Explore Car Rentals B.V. is een jong dynamisch bedrijf, gericht op persoonlijk contact, hoogwaardige service, nieuwe autos en ultieme efficientie. Wanneer u op vakantie bent dan gaat het om gemak. U wilt niet uren op zoek zijn naar die ene betaalbare maar goede huurauto om vervolgens allerlei moeilijke formulieren te moeten invullen of kleine lettertjes te moeten lezen. U heeft geen zin om op het vliegveld een uur te wachten voordat u eindelijk uw huurauto krijgt. U wilt ook zeker niet voor verrassingen komen te staan en plotseling meer moeten betalen dan is afgesproken. U wilt geen buitenlandse nummers hoeven bellen om terecht te komen in allelei keuzemenu\u2019s. U wilt weten waar u aan toe bent! Gewoon een perfecte auto voor een perfecte prijs met duidelijke afspraken en fijne persoonlijk service. En dat is precies waar Cura Explore voor staat! Cura Explore: Uitsluitend nieuwe autos van hoge kwaliteit; het laatste wat u op vakantie wilt is een auto met mankementen. Persoonlijke service voorop; onze Whatsapp is de hele dag voor u beschikbaar. Wij kunnen via Whatsapp voor u een boeking maken, vragen beantwoorden, ondersteuning bieden bij problemen en meer. Brengt de auto waar u deze nodig heeft; wij zitten 1km van het vliegveld. Wanneer u uw auto op het vliegveld wilt ontvangen halen wij je op, rijden naar onze locatie, doen het papierwerk en kunt u uw weg vervolgen. Wilt u liever de auto bij uw hotel\/verblijf ontvangen? Geen probleem, wij komen naar u toe. Altijd inclusief 24\/7 pechhulp; Mocht u pech ondervinden komt er iemand naar u toe om te helpen. Kan de auto niet verder? Dan wordt u thuisgebracht en zorgen wij voor een vervangende auto. Altijd inclusief verzekering; Bij iedere reservering zit een verplichte basisverzekering met de optie van het afkopen van het eigen risico. Veilig betalen met uw bankpas of credit card: Wij hebben bij iedere levering een mobiele betaalautomaat bij ons. Cash is niet nodig. Niet voor niets scoort Cura Explore 5 uit 5 op de b","email":"info@cura-explore.com","telephone":"+59995204140","legalName":"FD Rooseveltweg 348, Willemstad, Curacao","foundingDate":"2024-06-01"}]}},"_links":{"self":[{"href":"https:\/\/cura-explore.com\/de\/wp-json\/wp\/v2\/pages\/3042","targetHints":{"allow":["GET"]}}],"collection":[{"href":"https:\/\/cura-explore.com\/de\/wp-json\/wp\/v2\/pages"}],"about":[{"href":"https:\/\/cura-explore.com\/de\/wp-json\/wp\/v2\/types\/page"}],"author":[{"embeddable":true,"href":"https:\/\/cura-explore.com\/de\/wp-json\/wp\/v2\/users\/1"}],"replies":[{"embeddable":true,"href":"https:\/\/cura-explore.com\/de\/wp-json\/wp\/v2\/comments?post=3042"}],"version-history":[{"count":5,"href":"https:\/\/cura-explore.com\/de\/wp-json\/wp\/v2\/pages\/3042\/revisions"}],"predecessor-version":[{"id":5982,"href":"https:\/\/cura-explore.com\/de\/wp-json\/wp\/v2\/pages\/3042\/revisions\/5982"}],"wp:attachment":[{"href":"https:\/\/cura-explore.com\/de\/wp-json\/wp\/v2\/media?parent=3042"}],"curies":[{"name":"wp","href":"https:\/\/api.w.org\/{rel}","templated":true}]}}